{"id":46,"date":"2013-05-08T14:23:17","date_gmt":"2013-05-08T12:23:17","guid":{"rendered":"http:\/\/bergedorfer-kammerchor.de\/test2\/?page_id=46"},"modified":"2024-09-09T18:55:16","modified_gmt":"2024-09-09T16:55:16","slug":"hellmut-wormsbacher-2","status":"publish","type":"page","link":"https:\/\/www.bergedorfer-kammerchor.de\/?page_id=46","title":{"rendered":"Hellmut Wormsb\u00e4cher"},"content":{"rendered":"<p><a href=\"https:\/\/www.bergedorfer-kammerchor.de\/wp-content\/uploads\/2013\/05\/wormsbaecher.jpg\"><img loading=\"lazy\" decoding=\"async\" class=\"alignnone size-full wp-image-96\" src=\"https:\/\/www.bergedorfer-kammerchor.de\/wp-content\/uploads\/2013\/05\/wormsbaecher.jpg\" alt=\"wormsbaecher\" width=\"122\" height=\"169\"><\/a><\/p>\n<p><strong>Gr\u00fcnder des Bergedorfer Kammerchores und Chorleiter von 1946 bis 2001<br>(* 24. September 1925 in Garstedt, Kreis Pinneberg; \u2020 14. April 2020 in Hamburg)<br><\/strong><\/p>\n<table style=\"height: 935px;\" border=\"0\" width=\"636\" cellspacing=\"0\" cellpadding=\"4\">\n<tbody>\n<tr>\n<td>1925<\/td>\n<td>Geboren in Garstedt bei Hamburg. Erster Klavierunterricht bei Otto St\u00f6terau und Erich Kraut in Hamburg<\/td>\n<\/tr>\n<tr>\n<td>1940-1943<\/td>\n<td>Sch\u00fcler des musischen Gymnasiums Frankfurt am Main. Dirigierunterricht bei Kurt Thomas<\/td>\n<\/tr>\n<tr>\n<td>1945-1950<\/td>\n<td>Kapellmeisterstudium bei Wilhelm Br\u00fcckner-R\u00fcggeberg. (Schule f\u00fcr Musik und Theater, sp\u00e4tere Hochschule f\u00fcr Musik, Hamburg). Weitere Studien: Ilse Fromm-Michaels (Klavier), Helmut Laue (Gesang), Ernst-Gernot Klussmann (Komposition).<\/td>\n<\/tr>\n<tr>\n<td>1946<\/td>\n<td><b>Gr\u00fcndung des Bergedorfer Kammerchores<\/b>. A-cappella Literatur von der Renaissance bis zur Gegenwart, aber auch Werke mit Orchester von Bach, H\u00e4ndel, Hasse, Mozart, Schubert, Bruckner, Kod\u00e1ly, Hindemith, Poser und anderen. Ur- und Erstauff\u00fchrungen. Konzertreisen ins In- und Ausland (Italien, D\u00e4nemark, Ungarn, Spanien, Malta, \u00d6sterreich, Frankreich, England und Irland). Preise bei internationalen Chorwettbewerben. Funk-, Fernseh- und Schallplattenaufnahmen.<\/td>\n<\/tr>\n<tr>\n<td>1947\/1950<\/td>\n<td>\u00dcbernahme der drei Ch\u00f6re des Hamburger Oratorienchores. Auff\u00fchrung vieler Werke der chorsinfonischen&nbsp;Literatur, zahlreiche Erstauff\u00fchrungen, Konzertreisen. Leitung bis Ende 1995.<\/td>\n<\/tr>\n<tr>\n<td>1968<\/td>\n<td>Gr\u00fcndung des Bergedorfer Kinder- und Jugendchores. Leitung bis Ende 1994.<\/td>\n<\/tr>\n<tr>\n<td>1963-1996<\/td>\n<td>Dozent f\u00fcr Chorleitung bei den Kursen der Arbeitsgemeinschaft Deutscher Chorverb\u00e4nde in Schleswig-Holstein.<\/td>\n<\/tr>\n<tr>\n<td>1972-1987<\/td>\n<td>Gymnasiallehrer f\u00fcr Musik (Lehrauftrag).<\/td>\n<\/tr>\n<tr>\n<td>1988\/1990<\/td>\n<td>Gastdirigate in Japan (Tokyo) mit Werken von Bach (h-moll Messe, Johannis-Passion), Haydn (Sch\u00f6pfung), Mozart (c-moll Messe, Sinfonie Es-Dur) und anderen Werken.Gemeinsame Chorkonzerte mit G\u00e4sten aus D\u00e4nemark, Schweden, Frankreich, Ungarn, Spanien und Japan (Mendelssohn: Elias).Bearbeitungen f\u00fcr Rundfunk und Schallplatte.Bearbeitungen und Kompositionen f\u00fcr Chor, erschienen bei verschiedenen Verlagen.<\/td>\n<\/tr>\n<tr>\n<td>2020<\/td>\n<td>Hellmut Wormsb\u00e4cher starb am 14. April 2020 im Alter von 94 Jahren in Hamburg-Bergedorf<\/td>\n<\/tr>\n<\/tbody>\n<\/table>\n<p>Auszeichnungen: Brahms-Medaille der Freien und Hansestadt Hamburg, Heinrich-Paulsen-Medaille des Schleswig-Holsteinischen S\u00e4ngerbundes, Bundesverdienstkreuz am Bande, Tr\u00e4ger des H\u00e4ndel-Ringes des Verbandes Deutscher Konzertch\u00f6re.<\/p>\n<p>Kleiner Artikel \u00fcber <a href=\"https:\/\/www.bergedorfer-kammerchor.de\/?page_id=191\"> <b>Hellmut Wormsb\u00e4cher<\/b> und seinen Bergedorfer Kammerchor<\/a> aus der Chronik.<\/p>\n\n\n<p><br><\/p>\n\n\n\n<p><\/p>\n","protected":false},"excerpt":{"rendered":"<p>Gr\u00fcnder des Bergedorfer Kammerchores und Chorleiter von 1946 bis 2001(* 24. September 1925 in Garstedt, Kreis Pinneberg; \u2020 14. April 2020 in Hamburg) 1925 Geboren in Garstedt bei Hamburg. Erster Klavierunterricht bei Otto St\u00f6terau und Erich Kraut in Hamburg 1940-1943 Sch\u00fcler des musischen Gymnasiums Frankfurt am Main. Dirigierunterricht bei Kurt Thomas 1945-1950 Kapellmeisterstudium bei Wilhelm [&hellip;]<\/p>\n","protected":false},"author":1,"featured_media":0,"parent":93,"menu_order":3,"comment_status":"closed","ping_status":"closed","template":"","meta":{"ngg_post_thumbnail":0,"footnotes":""},"class_list":["post-46","page","type-page","status-publish","hentry"],"_links":{"self":[{"href":"https:\/\/www.bergedorfer-kammerchor.de\/index.php?rest_route=\/wp\/v2\/pages\/46","targetHints":{"allow":["GET"]}}],"collection":[{"href":"https:\/\/www.bergedorfer-kammerchor.de\/index.php?rest_route=\/wp\/v2\/pages"}],"about":[{"href":"https:\/\/www.bergedorfer-kammerchor.de\/index.php?rest_route=\/wp\/v2\/types\/page"}],"author":[{"embeddable":true,"href":"https:\/\/www.bergedorfer-kammerchor.de\/index.php?rest_route=\/wp\/v2\/users\/1"}],"replies":[{"embeddable":true,"href":"https:\/\/www.bergedorfer-kammerchor.de\/index.php?rest_route=%2Fwp%2Fv2%2Fcomments&post=46"}],"version-history":[{"count":0,"href":"https:\/\/www.bergedorfer-kammerchor.de\/index.php?rest_route=\/wp\/v2\/pages\/46\/revisions"}],"up":[{"embeddable":true,"href":"https:\/\/www.bergedorfer-kammerchor.de\/index.php?rest_route=\/wp\/v2\/pages\/93"}],"wp:attachment":[{"href":"https:\/\/www.bergedorfer-kammerchor.de\/index.php?rest_route=%2Fwp%2Fv2%2Fmedia&parent=46"}],"curies":[{"name":"wp","href":"https:\/\/api.w.org\/{rel}","templated":true}]}}