{"id":33,"date":"2013-05-08T14:09:25","date_gmt":"2013-05-08T12:09:25","guid":{"rendered":"http:\/\/bergedorfer-kammerchor.de\/test2\/?page_id=33"},"modified":"2025-04-14T16:37:48","modified_gmt":"2025-04-14T14:37:48","slug":"kontakt-2","status":"publish","type":"page","link":"https:\/\/www.bergedorfer-kammerchor.de\/?page_id=33","title":{"rendered":"Kontakt"},"content":{"rendered":"\n<p>Bei Fragen, Anregungen oder Vorschl\u00e4gen gerne eine eMail schicken an den Vorstand der Kammerchores. <\/p>\n\n\n\n<p><strong>Vorstand <\/strong><\/p>\n\n\n\n<ul class=\"wp-block-list\">\n<li>K\u00fcnstlerischer Leiter: Prof. Frank L\u00f6hr<\/li>\n\n\n\n<li>1. Vorsitz: Susanne Klein<br>info [at] bergedorfer-kammerchor.de<\/li>\n\n\n\n<li>2. Vorsitz: Carola Prei\u00df<\/li>\n\n\n\n<li>Kasse: Monica R\u00f6sler<\/li>\n\n\n\n<li>Schriftf\u00fchrung: Kerstin R\u00f6pell<\/li>\n\n\n\n<li>Notenverwaltung: Ina Rosenau<\/li>\n<\/ul>\n\n\n\n<p><strong>Neumitglieder<\/strong><\/p>\n\n\n\n<p>Wir suchen jederzeit neue, gute Mits\u00e4ngerInnen, vor allem im Tenor und Bass haben wir Bedarf und freuen uns \u00fcber neue Mitglieder. F\u00fcrs Mitsingen bitte vorher melden f\u00fcr n\u00e4here Infos.\u00a0 <\/p>\n\n\n\n<p><strong>Probenraum<\/strong><\/p>\n\n\n\n<p>Die regul\u00e4ren Proben finden im Musikraum (Neubau) in der Luisenschule in Bergedorf statt: Reinbeker Weg 76, 21029 Hamburg.<\/p>\n","protected":false},"excerpt":{"rendered":"<p>Bei Fragen, Anregungen oder Vorschl\u00e4gen gerne eine eMail schicken an den Vorstand der Kammerchores. Vorstand Neumitglieder Wir suchen jederzeit neue, gute Mits\u00e4ngerInnen, vor allem im Tenor und Bass haben wir Bedarf und freuen uns \u00fcber neue Mitglieder. F\u00fcrs Mitsingen bitte vorher melden f\u00fcr n\u00e4here Infos.\u00a0 Probenraum Die regul\u00e4ren Proben finden im Musikraum (Neubau) in der [&hellip;]<\/p>\n","protected":false},"author":1,"featured_media":3098,"parent":0,"menu_order":8,"comment_status":"closed","ping_status":"closed","template":"","meta":{"ngg_post_thumbnail":0,"footnotes":""},"class_list":["post-33","page","type-page","status-publish","has-post-thumbnail","hentry"],"_links":{"self":[{"href":"https:\/\/www.bergedorfer-kammerchor.de\/index.php?rest_route=\/wp\/v2\/pages\/33","targetHints":{"allow":["GET"]}}],"collection":[{"href":"https:\/\/www.bergedorfer-kammerchor.de\/index.php?rest_route=\/wp\/v2\/pages"}],"about":[{"href":"https:\/\/www.bergedorfer-kammerchor.de\/index.php?rest_route=\/wp\/v2\/types\/page"}],"author":[{"embeddable":true,"href":"https:\/\/www.bergedorfer-kammerchor.de\/index.php?rest_route=\/wp\/v2\/users\/1"}],"replies":[{"embeddable":true,"href":"https:\/\/www.bergedorfer-kammerchor.de\/index.php?rest_route=%2Fwp%2Fv2%2Fcomments&post=33"}],"version-history":[{"count":0,"href":"https:\/\/www.bergedorfer-kammerchor.de\/index.php?rest_route=\/wp\/v2\/pages\/33\/revisions"}],"wp:featuredmedia":[{"embeddable":true,"href":"https:\/\/www.bergedorfer-kammerchor.de\/index.php?rest_route=\/wp\/v2\/media\/3098"}],"wp:attachment":[{"href":"https:\/\/www.bergedorfer-kammerchor.de\/index.php?rest_route=%2Fwp%2Fv2%2Fmedia&parent=33"}],"curies":[{"name":"wp","href":"https:\/\/api.w.org\/{rel}","templated":true}]}}