{"id":3215,"date":"2025-04-14T00:21:40","date_gmt":"2025-04-13T22:21:40","guid":{"rendered":"https:\/\/www.bergedorfer-kammerchor.de\/?page_id=3215"},"modified":"2025-04-14T13:21:07","modified_gmt":"2025-04-14T11:21:07","slug":"chronik-2","status":"publish","type":"page","link":"https:\/\/www.bergedorfer-kammerchor.de\/?page_id=3215","title":{"rendered":"Chronik"},"content":{"rendered":"\n<p>Die Chronik des Bergedorfer Kammerchores wird seit 1946 durchg\u00e4ngig gepflegt. Hier findet man den Lebenslauf von Chorgr\u00fcnder <a href=\"https:\/\/www.bergedorfer-kammerchor.de\/?page_id=46\" data-type=\"page\" data-id=\"46\">Hellmut Wormsb\u00e4cher<\/a>, die Zusammenfassungen der Ereignisse <a href=\"https:\/\/www.bergedorfer-kammerchor.de\/?page_id=195\" data-type=\"page\" data-id=\"195\">von 1946 &#8211; 2001<\/a>, <a href=\"https:\/\/www.bergedorfer-kammerchor.de\/?page_id=199\" data-type=\"page\" data-id=\"199\">von 2001 bis 2003<\/a>, <a href=\"https:\/\/www.bergedorfer-kammerchor.de\/?page_id=203\" data-type=\"page\" data-id=\"203\">von 2003 bis 2011<\/a>, sowie alle <a href=\"https:\/\/www.bergedorfer-kammerchor.de\/?page_id=132\" data-type=\"page\" data-id=\"132\">Konzerte seit 2001<\/a> und eine <a href=\"https:\/\/www.bergedorfer-kammerchor.de\/?page_id=187\" data-type=\"page\" data-id=\"187\">kleine Chorgeschichte<\/a>.<\/p>\n","protected":false},"excerpt":{"rendered":"<p>Die Chronik des Bergedorfer Kammerchores wird seit 1946 durchg\u00e4ngig gepflegt. Hier findet man den Lebenslauf von Chorgr\u00fcnder Hellmut Wormsb\u00e4cher, die Zusammenfassungen der Ereignisse von 1946 &#8211; 2001, von 2001 bis 2003, von 2003 bis 2011, sowie alle Konzerte seit 2001 und eine kleine Chorgeschichte.<\/p>\n","protected":false},"author":1,"featured_media":3279,"parent":0,"menu_order":0,"comment_status":"closed","ping_status":"closed","template":"","meta":{"ngg_post_thumbnail":0,"footnotes":""},"class_list":["post-3215","page","type-page","status-publish","has-post-thumbnail","hentry"],"_links":{"self":[{"href":"https:\/\/www.bergedorfer-kammerchor.de\/index.php?rest_route=\/wp\/v2\/pages\/3215","targetHints":{"allow":["GET"]}}],"collection":[{"href":"https:\/\/www.bergedorfer-kammerchor.de\/index.php?rest_route=\/wp\/v2\/pages"}],"about":[{"href":"https:\/\/www.bergedorfer-kammerchor.de\/index.php?rest_route=\/wp\/v2\/types\/page"}],"author":[{"embeddable":true,"href":"https:\/\/www.bergedorfer-kammerchor.de\/index.php?rest_route=\/wp\/v2\/users\/1"}],"replies":[{"embeddable":true,"href":"https:\/\/www.bergedorfer-kammerchor.de\/index.php?rest_route=%2Fwp%2Fv2%2Fcomments&post=3215"}],"version-history":[{"count":0,"href":"https:\/\/www.bergedorfer-kammerchor.de\/index.php?rest_route=\/wp\/v2\/pages\/3215\/revisions"}],"wp:featuredmedia":[{"embeddable":true,"href":"https:\/\/www.bergedorfer-kammerchor.de\/index.php?rest_route=\/wp\/v2\/media\/3279"}],"wp:attachment":[{"href":"https:\/\/www.bergedorfer-kammerchor.de\/index.php?rest_route=%2Fwp%2Fv2%2Fmedia&parent=3215"}],"curies":[{"name":"wp","href":"https:\/\/api.w.org\/{rel}","templated":true}]}}