{"id":3209,"date":"2025-04-13T23:16:58","date_gmt":"2025-04-13T21:16:58","guid":{"rendered":"https:\/\/www.bergedorfer-kammerchor.de\/?page_id=3209"},"modified":"2026-03-19T09:55:06","modified_gmt":"2026-03-19T07:55:06","slug":"chor","status":"publish","type":"page","link":"https:\/\/www.bergedorfer-kammerchor.de\/?page_id=3209","title":{"rendered":"Der Bergedorfer Kammerchor"},"content":{"rendered":"\n<p>Der <b>Bergedorfer Kammerchor<\/b> hat seit seiner Gr\u00fcndung im Jahr 1946 durch <a title=\"Hellmut Wormsb\u00e4cher\" href=\"?page_id=46\">Hellmut Wormsb\u00e4cher<\/a> einen festen Platz im kulturellen Leben Hamburgs und des norddeutschen Raumes. Seit 2003 liegt die k\u00fcnstlerische Verantwortung in den H\u00e4nden von <a title=\"Frank L\u00f6hr\" href=\"?page_id=39\"><strong>Frank L\u00f6hr<\/strong><\/a>, Professor f\u00fcr Chor- und Orchesterleitung an der Hochschule f\u00fcr Musik und Theater in Hannover.<br><span style=\"font-size: xx-small;\">&nbsp;<\/span><br>Die rund 35 S\u00e4ngerinnen und S\u00e4nger widmen sich der weltlichen und geistlichen Chorliteratur aller Epochen.<br>Dabei sorgen die sorgf\u00e4ltig ausgew\u00e4hlten St\u00fccke f\u00fcr ein stimmiges Gesamtkonzept, das \u00fcber jedem Konzert einen gro\u00dfen Bogen erkennen l\u00e4sst. Auch oratorische Werke wie das \u201eRequiem\u201c von W.\u202fA. Mozart, die \u201eh-moll Messe\u201c von J.\u202fS. Bach oder \u201eDie Sch\u00f6pfung\u201c von J. Haydn, &#8222;Kaddish&#8220; von L. Bernstein, &#8222;A Sea Symphonie von R.V. Williams sowie das &#8222;War Requiem&#8220; von B. Britten geh\u00f6ren zum Repertoire.<br>Diese Vielseitigkeit und das hohe s\u00e4ngerische Niveau werden durch regelm\u00e4\u00dfige Proben und j\u00e4hrlich einem Probenwochenende mit stimmbildnerischer Betreuung sowie durch Konzertreisen im In- und Ausland aufrechterhalten. Chorreisen der j\u00fcngeren Vergangenheit unternahm das Ensemble vorwiegend in Deutschland; gr\u00f6\u00dfere Reisen f\u00fchrten nach England,  D\u00e4nemark und Italien.<br><span style=\"font-size: xx-small;\">&nbsp;<\/span><br>In Zusammenarbeit mit Frank L\u00f6hr befindet sich der Bergedorfer Kammerchor weiterhin in einer stetigen s\u00e4ngerischen und k\u00fcnstlerischen Entwicklung, die interessante und hochwertige Chormusik verspricht.<\/p>\n\n\n\n<p>Der Bergedorfer Kammerchor ist Mitglied im <a href=\"https:\/\/www.vdkc.de\/\">Verband Deutscher KonzertCh\u00f6re VDKC<\/a><\/p>\n","protected":false},"excerpt":{"rendered":"<p>Der Bergedorfer Kammerchor hat seit seiner Gr\u00fcndung im Jahr 1946 durch Hellmut Wormsb\u00e4cher einen festen Platz im kulturellen Leben Hamburgs und des norddeutschen Raumes. Seit 2003 liegt die k\u00fcnstlerische Verantwortung in den H\u00e4nden von Frank L\u00f6hr, Professor f\u00fcr Chor- und Orchesterleitung an der Hochschule f\u00fcr Musik und Theater in Hannover.&nbsp;Die rund 35 S\u00e4ngerinnen und S\u00e4nger [&hellip;]<\/p>\n","protected":false},"author":1,"featured_media":3207,"parent":0,"menu_order":0,"comment_status":"closed","ping_status":"closed","template":"","meta":{"ngg_post_thumbnail":0,"footnotes":""},"class_list":["post-3209","page","type-page","status-publish","has-post-thumbnail","hentry"],"_links":{"self":[{"href":"https:\/\/www.bergedorfer-kammerchor.de\/index.php?rest_route=\/wp\/v2\/pages\/3209","targetHints":{"allow":["GET"]}}],"collection":[{"href":"https:\/\/www.bergedorfer-kammerchor.de\/index.php?rest_route=\/wp\/v2\/pages"}],"about":[{"href":"https:\/\/www.bergedorfer-kammerchor.de\/index.php?rest_route=\/wp\/v2\/types\/page"}],"author":[{"embeddable":true,"href":"https:\/\/www.bergedorfer-kammerchor.de\/index.php?rest_route=\/wp\/v2\/users\/1"}],"replies":[{"embeddable":true,"href":"https:\/\/www.bergedorfer-kammerchor.de\/index.php?rest_route=%2Fwp%2Fv2%2Fcomments&post=3209"}],"version-history":[{"count":3,"href":"https:\/\/www.bergedorfer-kammerchor.de\/index.php?rest_route=\/wp\/v2\/pages\/3209\/revisions"}],"predecessor-version":[{"id":3769,"href":"https:\/\/www.bergedorfer-kammerchor.de\/index.php?rest_route=\/wp\/v2\/pages\/3209\/revisions\/3769"}],"wp:featuredmedia":[{"embeddable":true,"href":"https:\/\/www.bergedorfer-kammerchor.de\/index.php?rest_route=\/wp\/v2\/media\/3207"}],"wp:attachment":[{"href":"https:\/\/www.bergedorfer-kammerchor.de\/index.php?rest_route=%2Fwp%2Fv2%2Fmedia&parent=3209"}],"curies":[{"name":"wp","href":"https:\/\/api.w.org\/{rel}","templated":true}]}}