{"id":3174,"date":"2025-04-13T22:39:45","date_gmt":"2025-04-13T20:39:45","guid":{"rendered":"https:\/\/www.bergedorfer-kammerchor.de\/?page_id=3174"},"modified":"2025-05-07T13:54:00","modified_gmt":"2025-05-07T11:54:00","slug":"impressum","status":"publish","type":"page","link":"https:\/\/www.bergedorfer-kammerchor.de\/?page_id=3174","title":{"rendered":"Impressum"},"content":{"rendered":"\n<p>Angaben gem\u00e4\u00df \u00a7 5 TMG<br>Bergedorfer Kammerchor e.\u202fV.<br>Susanne Klein\u00a0(1. Vorsitzende)<br>Reinbeker Weg 27, 21465 Wentorf<br>Telefon: +49 40 720 27 11<br>eMail: info [at] bergedorfer-kammerchor.de<br>Internet: <a href=\"https:\/\/www.bergedorfer-kammerchor.de\">www.bergedorfer-kammerchor.de<\/a><br>Vertreten durch: Susanne Klein<br>Registereintrag<br>Registergericht: Amtsgericht Hamburg<br>Registernummer: VR 10583<br>inhaltlich Verantwortlicher gem\u00e4\u00df \u00a7 6 MDStV:<br>Astrid Kruse, Dr. Christoph G\u00f6llnitz<br>E-mail: webmaster [at] bergedorfer-kammerchor.de<br>Hosting: <a href=\"http:\/\/www.alfahosting.de\/index.php?wmid=pianozwerg\">Alfahosting.de<\/a><\/p>\n\n\n\n<p>Haftungshinweis: Trotz sorgf\u00e4ltiger inhaltlicher Kontrolle \u00fcbernehmen wir keine Haftung f\u00fcr die Inhalte externer Links. F\u00fcr den Inhalt der verlinkten Seiten sind ausschlie\u00dflich deren Betreiber verantwortlich.<\/p>\n","protected":false},"excerpt":{"rendered":"<p>Angaben gem\u00e4\u00df \u00a7 5 TMGBergedorfer Kammerchor e.\u202fV.Susanne Klein\u00a0(1. Vorsitzende)Reinbeker Weg 27, 21465 WentorfTelefon: +49 40 720 27 11eMail: info [at] bergedorfer-kammerchor.deInternet: www.bergedorfer-kammerchor.deVertreten durch: Susanne KleinRegistereintragRegistergericht: Amtsgericht HamburgRegisternummer: VR 10583inhaltlich Verantwortlicher gem\u00e4\u00df \u00a7 6 MDStV:Astrid Kruse, Dr. Christoph G\u00f6llnitzE-mail: webmaster [at] bergedorfer-kammerchor.deHosting: Alfahosting.de Haftungshinweis: Trotz sorgf\u00e4ltiger inhaltlicher Kontrolle \u00fcbernehmen wir keine Haftung f\u00fcr die Inhalte externer [&hellip;]<\/p>\n","protected":false},"author":1,"featured_media":3202,"parent":0,"menu_order":0,"comment_status":"closed","ping_status":"closed","template":"","meta":{"ngg_post_thumbnail":0,"footnotes":""},"class_list":["post-3174","page","type-page","status-publish","has-post-thumbnail","hentry"],"_links":{"self":[{"href":"https:\/\/www.bergedorfer-kammerchor.de\/index.php?rest_route=\/wp\/v2\/pages\/3174","targetHints":{"allow":["GET"]}}],"collection":[{"href":"https:\/\/www.bergedorfer-kammerchor.de\/index.php?rest_route=\/wp\/v2\/pages"}],"about":[{"href":"https:\/\/www.bergedorfer-kammerchor.de\/index.php?rest_route=\/wp\/v2\/types\/page"}],"author":[{"embeddable":true,"href":"https:\/\/www.bergedorfer-kammerchor.de\/index.php?rest_route=\/wp\/v2\/users\/1"}],"replies":[{"embeddable":true,"href":"https:\/\/www.bergedorfer-kammerchor.de\/index.php?rest_route=%2Fwp%2Fv2%2Fcomments&post=3174"}],"version-history":[{"count":0,"href":"https:\/\/www.bergedorfer-kammerchor.de\/index.php?rest_route=\/wp\/v2\/pages\/3174\/revisions"}],"wp:featuredmedia":[{"embeddable":true,"href":"https:\/\/www.bergedorfer-kammerchor.de\/index.php?rest_route=\/wp\/v2\/media\/3202"}],"wp:attachment":[{"href":"https:\/\/www.bergedorfer-kammerchor.de\/index.php?rest_route=%2Fwp%2Fv2%2Fmedia&parent=3174"}],"curies":[{"name":"wp","href":"https:\/\/api.w.org\/{rel}","templated":true}]}}