{"id":203,"date":"2013-05-16T09:43:33","date_gmt":"2013-05-16T07:43:33","guid":{"rendered":"http:\/\/www.bergedorfer-kammerchor.de\/test2\/?page_id=203"},"modified":"2014-02-18T17:02:22","modified_gmt":"2014-02-18T15:02:22","slug":"unter-der-leitung-von-frank-lohr-seit-2003","status":"publish","type":"page","link":"https:\/\/www.bergedorfer-kammerchor.de\/?page_id=203","title":{"rendered":"unter der Leitung von Frank L\u00f6hr (seit 2003)"},"content":{"rendered":"<table width=\"100%\" border=\"1\" cellspacing=\"1\" cellpadding=\"6\">\n<tbody>\n<tr>\n<td valign=\"top\"><b>2003<\/b><\/td>\n<td><b>Am 25. August 2003 leitet Frank L\u00f6hr zum ersten mal eine Probe des Bergedorfer Kammerchores.<\/b><\/p>\n<p>3. Oktober 2003, 19 Uhr, Haus im Park<br \/>\n<b>Benefizkonzert<\/b><br \/>\nTeilnahme am Benefizkonzert f\u00fcr die Bergedorfer Tafel<br \/>\nProgramm (ca. 20 Minuten): John Rutter, Birthday Madrigals, u.a.<br \/>\nDer Auftritt wird von unserem alten Chorleiter Tobias Brommann dirigiert.<\/p>\n<p>12. November 2003, St. Marien, Danziger Stra\u00dfe<br \/>\n<b>Vic Nees: Magnificat<\/b><br \/>\nSopran: Julia Stielow<br \/>\nLeitung: Frank L\u00f6hr<\/p>\n<p>7. Dezember 2003 (2. Advent), 17.00 Uhr<br \/>\nSt Marien, Hamburg-Bergedorf, Reinbeker Weg 8<br \/>\n<b>Weihnachtskonzert 2003: O Magnum Mysterium<\/b><br \/>\nWeihnachtliche Chormusik<br \/>\nmit Werken von Praetorius, Gabrieli, Brahms, Rheinberger u.a.<br \/>\nLeitung: Frank L\u00f6hr<br \/>\nSaxophon: Moritz Reinisch<\/td>\n<\/tr>\n<tr>\n<td valign=\"top\"><b>2004<\/b><\/td>\n<td>7.\/8. Februar 2004 Probenwochenende in Lauenburg f\u00fcr das Mozart-Requiem.<\/p>\n<p>Samstag, 28. Februar 2004, 18.00 Uhr<br \/>\nHauptkirche St. Nikolai, Klosterstern<br \/>\n<b>Mozart: Requiem<\/b><br \/>\n<span>(Fassung Franz Beyer)<\/span><br \/>\nMahler: Kindertotenlieder<br \/>\nMuffat: concerto g-moll<br \/>\nzusammen mit dem Ahrensburger Kammerorchester<br \/>\nSopran: Monika Frimmer, Alt: Yvi J\u00e4nicke, Tenor: Michael Connaire und Bass: Matthias Gerchen. Leitung: Frank L\u00f6hr<\/p>\n<p>Sonntag, 16. Mai 2004, 19.00 Uhr<br \/>\n<b>Mozart-Requiem<\/b><br \/>\n<span>(Fassung Franz Xaver S\u00fcssmayr)<\/span><br \/>\nKonzert im Rahmen der Bergedorfer Musiktage<br \/>\nSt Marien, Hamburg-Bergedorf, Reinbeker Weg 8<br \/>\nHasse-Orchester, Bergedorf<br \/>\nLeitung: Klaus-Peter Modest<\/p>\n<p>28.\/29. August Probenwochenende in Bergedorf<\/p>\n<p>Sonntag, 5. September, 17 Uhr<br \/>\nRomantisches Chorkonzert <b>Sommer- und Herbstweisen<\/b><br \/>\nmit Werken von Brahms, Mendelssohn, Fanny Hensel, Lili Boulanger, Jannequin u.a.<br \/>\nHasse-Aula, Bergedorf, Hassestra\u00dfe 13<br \/>\nLeitung: Frank L\u00f6hr<\/p>\n<p><b>Konzertreise<\/b><br \/>\n29. &#8211; 31. Oktober 2004<br \/>\nKonzerte zum 70. Geburtstag von Walter Steffens in Hamburg (29.10.), Bielefeld (30.10.) und Marienm\u00fcnster (31.10.)<br \/>\nLeitung: Frank L\u00f6hr<\/td>\n<\/tr>\n<tr>\n<td valign=\"top\"><b>2005<\/b><\/td>\n<td>5.\/6. Februar Probenwochenende in Ratzeburg<\/p>\n<p><b>Nacht der Stimmen<\/b><br \/>\nKonzert im Rahmen der Veranstaltung &#8222;Nacht der Stimmen&#8220;<br \/>\nOrganisation Musikhochschule<br \/>\n5. M\u00e4rz 2005<br \/>\nLeitung: Frank L\u00f6hr<\/p>\n<p><b>Konzert im Rahmen der Bergedorfer Musiktage<\/b><br \/>\nzusammen mit dem Hasseorchester<br \/>\nFelix Mendelssohn-Bartholdy: Lobgesang<br \/>\nSymphonie Nr. 2, op. 52<br \/>\n29. Mai 2005, 19h<br \/>\nLeitung: Klaus-Peter Modest<\/p>\n<p>3.\/4. September Probenwochenende in Bergedorf<\/p>\n<p>Der Bergedorfer Kamerchor gewinnt nicht nur die Vorrunde sondern auch das<br \/>\n<b>Finale des Bergedorfer Chorwettbewerbs<\/b><br \/>\norganisiert durch die Bergedorfer Zeitung<br \/>\n24. September 2005, Haus im Park, Hamburg-Bergedorf<br \/>\nLeitung: Frank L\u00f6hr<br \/>\nMehr dazu auf den Presseseiten.<\/p>\n<p><b>Chorkonzert<br \/>\n<i>&#8222;Mein Singen ist ein Rufen nur aus Tr\u00e4umen&#8220;<\/i><\/b><br \/>\n25. September 2005, Hasse-Aula, Hassestra\u00dfe 13, Hamburg-Bergedorf<br \/>\nWerke von Brahms, Gibbons, Kod\u00e1ly, Wormsb\u00e4cher u.a.<br \/>\nLeitung: Frank L\u00f6hr<\/td>\n<\/tr>\n<tr>\n<td valign=\"top\"><b>2006<\/b><\/td>\n<td><b>Chorkonzert <i>Chichester Psalms und Chorwerke aus f\u00fcnf Jahrhunderten<\/i><\/b><br \/>\n<span style=\"font-size: xx-small;\">\u00a0<\/span><br \/>\n12. Mai 2006, 20 h<br \/>\nim Rahmen der Bergedorfer Musiktage<br \/>\nGesungen werden Leonard Bernsteins &#8222;Chichester Psalms&#8220; und Chormusik aus f\u00fcnf Jahrhunderten<br \/>\nDorothee Risse-Fries, Sopran<\/p>\n<p><b>Auftritt im Rahmen der VDKC-Chorkonzerttage in L\u00fcneburg, St. Nicolai<\/b><br \/>\nzusammen mit dem Ensemble Lux Aeterna<br \/>\n<span style=\"font-size: xx-small;\">\u00a0<\/span><br \/>\n13. Mai 2006, 17h<\/p>\n<p><b>Chorkonzert <i>Chichester Psalms und Chorwerke aus f\u00fcnf Jahrhunderten<\/i><\/b><br \/>\n<span style=\"font-size: xx-small;\">\u00a0<\/span><br \/>\n20. Mai 2006, 18 h<br \/>\n<b>Leitung: Frank L\u00f6hr<\/b><\/p>\n<p><b>J.S. Bach: h-Moll Messe<\/b><br \/>\n<b><i>im Jubil\u00e4umsjahr 2006<\/i><\/b><br \/>\n<span style=\"font-size: xx-small;\">\u00a0<\/span><br \/>\nKonzerte zusammen mit dem <b>Ahrensburger Kammerorchester<\/b>:<br \/>\n24. September 2006 Hamburg, <b>17h<\/b> in St. Bonifatius am Weiher, Hamburg-Eimsb\u00fcttel<br \/>\nSiri Karoline Thornhill &#8211; Sopran<br \/>\nTina Hartmann &#8211; Mezzosopran<br \/>\nElisabeth Graf &#8211; Alt<br \/>\nMichael Connaire &#8211; Tenor<br \/>\nAislan Weimann &#8211; Bariton<br \/>\nFrank L\u00f6hr &#8211; Leitung<\/p>\n<p>Karten von 10,- bis 29,- EUR (zzgl. VVG) bei der Theaterkasse Karstadt\/ Bergedorf (724 30 25), den Konzertkassen Gerdes (45 33 26) und Collien (48 33 90) und an der Abendkasse. Erm\u00e4\u00dfigung f\u00fcr Sch\u00fcler und Studenten nur an der Abendkasse.<\/p>\n<p><b>weitere Konzerte der h-Moll Messe<br \/>\n<\/b><\/p>\n<ul>\n<li><b>11. November 2006 20h Marienm\u00fcnster<br \/>\n<\/b><\/li>\n<li><b>12. November 2006 19h Maria Laach<br \/>\n<\/b> Leitung: Frank L\u00f6hr<\/li>\n<\/ul>\n<\/td>\n<\/tr>\n<tr>\n<td valign=\"top\"><b>2007<\/b><\/td>\n<td><b>Konzertreise Italien<\/b><br \/>\n<span style=\"font-size: xx-small;\">\u00a0<\/span><br \/>\n16.-20. Mai 2007<br \/>\nzusammen mit dem Ahrensburger Kammerorchester<br \/>\nLeitung: Frank L\u00f6hr<\/p>\n<p><b>Sommerkonzert<\/b><br \/>\n<span style=\"font-size: xx-small;\">\u00a0<\/span><br \/>\n<b>17. Juni 2007, Beginn <span style=\"text-decoration: underline;\">18h<\/span><br \/>\n<\/b> Leitung: Frank L\u00f6hr<br \/>\nBenefizkonzert mit dem Ahrensburger Kammerorchester in der Stadtkirche Ludwigslust<br \/>\nProgramm von der gemeinsamen Konzertreise nach Italien<br \/>\nmit Werken von Beethoven, Bruckner, Mendelssohn, Sch\u00fctz, Tavener, Verdi.<\/p>\n<p><b><i>Chorkonzerte<\/i><\/b><br \/>\n<b>&#8222;Diabolus in musica&#8220; &#8211; oder, wenn man vom Teufel spricht&#8230;<\/b><br \/>\nmit Werken von H.Distler, E.Elgar, E.Rautavaara, G.Orban und Brahms. <span style=\"font-size: xx-small;\">\u00a0<\/span><br \/>\n<b>23. September 2007, um 17 Uhr<\/b><br \/>\nin der Hasse-Aula in Bergedorf<br \/>\nund am<br \/>\n30. September 2007, um 17 Uhr<br \/>\nim S\u00f6ring-Saal in Ahrensburg<br \/>\nLeitung: Frank L\u00f6hr<\/td>\n<\/tr>\n<tr>\n<td valign=\"top\"><b>2008<\/b><\/td>\n<td><b><i>Brahms-Fest in Bergedorf<\/i><\/b><br \/>\n<span style=\"font-size: xx-small;\">\u00a0<\/span><br \/>\n<b>Mittwoch, 7. Mai 2008<\/b><br \/>\nDie <span style=\"text-decoration: underline;\">Festveranstaltung<\/span> beginnt um 17h im Innenhof des Bergedorfer Schlosses.<br \/>\nDer Bergedorfer Kammerchor wird ab 19h mit St\u00fccken von Brahms einen musikalischen Beitrag in einem <span style=\"text-decoration: underline;\">Festkonzert<\/span> in St. Petri und Pauli leisten.<br \/>\nLeitung: Frank L\u00f6hr<\/p>\n<p><b><i>Deutsches Chorfestival des VDKC in Kassel<\/i><\/b><br \/>\n<span style=\"font-size: xx-small;\">\u00a0<\/span><br \/>\n<img loading=\"lazy\" decoding=\"async\" alt=\"\" src=\"https:\/\/www.bergedorfer-kammerchor.de\/images\/image001.jpg\" width=\"620\" height=\"166\" border=\"0\" \/><br \/>\nDer Bergedorfer Kammerchor singt am<br \/>\n<b>Samstag, 7. Juni<\/b><br \/>\n<img loading=\"lazy\" decoding=\"async\" alt=\"* \" src=\"https:\/\/www.bergedorfer-kammerchor.de\/images\/gif\/button.gif\" width=\"8\" height=\"8\" border=\"0\" \/>\u00a0 um 12.00 Uhr ein Stra\u00dfenkonzert in der Treppenstra\u00dfe und<br \/>\n<img loading=\"lazy\" decoding=\"async\" alt=\"* \" src=\"https:\/\/www.bergedorfer-kammerchor.de\/images\/gif\/button.gif\" width=\"8\" height=\"8\" border=\"0\" \/>\u00a0 um 22.30 Uhr ein Konzert (A-cappella-Serenade) in der Lutherkirche<br \/>\nLeitung: Frank L\u00f6hr<\/p>\n<p><b><i>Joseph Haydn: Die Sch\u00f6pfung<\/i><\/b><br \/>\n<span style=\"font-size: xx-small;\">\u00a0<\/span><br \/>\n<img decoding=\"async\" alt=\"\" src=\"https:\/\/www.bergedorfer-kammerchor.de\/images\/haydn-schoepfung.gif\" width=\"300\" align=\"left\" border=\"0\" \/> <b>Sonntag, 28. September 2008, 11.00 Uhr<\/b><br \/>\nLaeiszhalle Hamburg (Musikhalle), Gro\u00dfer Saal<br \/>\n<span style=\"font-size: xx-small;\">\u00a0<\/span><br \/>\nBergedorfer Kammerchor<br \/>\nAhrensburger Kammerorchester<br \/>\nDorothee Fries, Sopran<br \/>\nMichael Connaire, Tenor<br \/>\nChristfried Biebrach, Bass<br \/>\nLeitung: Prof. Frank L\u00f6hr<\/p>\n<p><b><i>Adventskonzert 2008<\/i><\/b><br \/>\n<span style=\"font-size: xx-small;\">\u00a0<\/span><br \/>\n<b>am 14. Dezember 2008 um 17 Uhr<\/b><br \/>\nSt. Marien, Bergedorf<br \/>\nAdvents- und Weihnachtslieder aus Deutschland, England, Frankreich, Schweden u.a.<br \/>\nLeitung: Frank L\u00f6hr<\/td>\n<\/tr>\n<tr>\n<td valign=\"top\"><b>2009<\/b><\/td>\n<td><b><i>Konzertreise nach Weimar<\/i><\/b><br \/>\n<span style=\"font-size: xx-small;\"><br \/>\n<\/span> <b>21. &#8211; 24. Mai 2009<\/b><br \/>\nKonzerte in Weimar und Erfurt:<br \/>\n<b>am Freitag, 22. Mai 2009 um 19:30<\/b><br \/>\nin der Jakobskirche in Weimar, am Rollplatz und<br \/>\n<b>am Samstag, 23. Mai 2009 um 19:30<\/b><br \/>\nin der Michaeliskirche in Erfurt, Michaelisstra\u00dfe 11<br \/>\nDoppelch\u00f6rige Messe von Frank Martin, Motetten von Maurice Durufl\u00e9 u.a.<\/p>\n<p><b><i>Chorkonzert<\/i><\/b><br \/>\n<b>am Samstag, 6. Juni 2009 um 18:00<\/b><br \/>\nin St. Johannis, Hamburg-Eppendorf, Ludolfstra\u00dfe 66<br \/>\nDoppelch\u00f6rige Messe von Frank Martin, Motetten von Maurice Durufl\u00e9 u.a.<br \/>\n<span style=\"font-size: xx-small;\">\u00a0<\/span><\/p>\n<p><b><i>Adventskonzert 2009<\/i><\/b><br \/>\n<span style=\"font-size: xx-small;\">\u00a0<\/span><br \/>\n<b>am 13. Dezember 2009 um 17 Uhr<\/b><br \/>\nin St. Marien, Bergedorf<\/td>\n<\/tr>\n<tr>\n<td valign=\"top\"><b>2010<\/b><\/td>\n<td><img decoding=\"async\" alt=\"\" src=\"https:\/\/www.bergedorfer-kammerchor.de\/images\/shakespearekonzert.gif\" width=\"300\" align=\"left\" border=\"0\" hspace=\"4\" vspace=\"4\" \/> <b><i>A Cappella-Konzert \u201eShakespeare in music\u201c<\/i><\/b><br \/>\n<b>am Samstag, 12. Juni 2010, 19:00<\/b><br \/>\nDreieinigkeitskirche Allerm\u00f6he-Reitbrook<br \/>\nim Rahmen der Bergedorfer Musiktage<br \/>\nChormusik von D. Argento, N. Lindberg, J. M\u00e4ntyj\u00e4rvi, J. Rutter, S. Sametz, R.V. Williams und anderen<br \/>\n<span style=\"font-size: xx-small;\"><br \/>\n<\/span> Michael Connaire, Tenor<br \/>\nLeitung: Frank L\u00f6hr<\/p>\n<p><b><i>A Cappella-Konzert \u201eShakespeare in music\u201c<\/i><\/b><br \/>\n<span style=\"font-size: xx-small;\"><br \/>\n<\/span> <b>am Sonntag, 13. Juni 2010 um 18:30<\/b><br \/>\nBismarck-Ged\u00e4chtnis Kirche, Aum\u00fchle<br \/>\nChormusik von D. Argento, N. Lindberg, J. M\u00e4ntyj\u00e4rvi, J. Rutter, S. Sametz, R.V. Williams und anderen<br \/>\n<span style=\"font-size: xx-small;\"><br \/>\n<\/span> Michael Connaire, Tenor<br \/>\nLeitung: Frank L\u00f6hr<\/p>\n<p><b><i>Nacht der Ch\u00f6re<\/i><\/b><br \/>\n<span style=\"font-size: xx-small;\"><br \/>\n<\/span> <b>am Samstag, 19. Juni 2010<\/b><br \/>\nAuftritt ab ca. 19:20<br \/>\nHauptkirche St. Petri, Hamburg<br \/>\n<span style=\"font-size: xx-small;\"><br \/>\n<\/span> Leitung: Frank L\u00f6hr<\/p>\n<p><b><i>A Cappella-Konzert<\/i><\/b><br \/>\n<span style=\"font-size: xx-small;\"><br \/>\n<\/span> <b>am Samstag, 13. November 2010<\/b><br \/>\nim Konzertsaal der Kulturstiftung Marienm\u00fcnster<br \/>\n<span style=\"font-size: xx-small;\"><br \/>\n<\/span> Leitung: Frank L\u00f6hr<\/p>\n<p><b><i>Adventskonzert<\/i><\/b><br \/>\n<span style=\"font-size: xx-small;\"><br \/>\n<\/span> <b>am Samstag, 18. Dezember 2010 um 17.00 Uhr<\/b><br \/>\n<b>in St. Nikolai in Hamburg &#8211; Moorfleet<\/b><br \/>\n<span style=\"font-size: xx-small;\"><br \/>\n<\/span> Leitung: Frank L\u00f6hr<\/td>\n<\/tr>\n<tr>\n<td valign=\"top\"><b>2011<\/b><\/td>\n<td><b><i>Alfred Schnittke Requiem<br \/>\nund Chorwerke von Herzogenberg, Homilius, P\u00e4rt, Reinthaler u.a.<\/i><\/b><br \/>\n<span style=\"font-size: xx-small;\"><br \/>\n<\/span> <b>am Sonntag, 20. Februar 2011 um 18.00 Uhr<\/b><br \/>\n<b>Hauptkirche St. Nikolai am Klosterstern<\/b><\/p>\n<p>Vokalensemble Lux Aeterna, Leitung: Andreas Cessak<br \/>\nBergedorfer Kammerchor, Leitung: Frank L\u00f6hr<br \/>\nTanya Aspelmeier, Sopran<br \/>\nYvi J\u00e4nicke, Alt<br \/>\nMichael Connaire, Tenor<br \/>\nElbtonalPercussion<\/td>\n<\/tr>\n<\/tbody>\n<\/table>\n","protected":false},"excerpt":{"rendered":"<p>2003 Am 25. August 2003 leitet Frank L\u00f6hr zum ersten mal eine Probe des Bergedorfer Kammerchores. 3. Oktober 2003, 19 Uhr, Haus im Park Benefizkonzert Teilnahme am Benefizkonzert f\u00fcr die Bergedorfer Tafel Programm (ca. 20 Minuten): John Rutter, Birthday Madrigals, u.a. Der Auftritt wird von unserem alten Chorleiter Tobias Brommann dirigiert. 12. November 2003, St. [&hellip;]<\/p>\n","protected":false},"author":1,"featured_media":0,"parent":173,"menu_order":2,"comment_status":"closed","ping_status":"closed","template":"","meta":{"ngg_post_thumbnail":0,"footnotes":""},"class_list":["post-203","page","type-page","status-publish","hentry"],"_links":{"self":[{"href":"https:\/\/www.bergedorfer-kammerchor.de\/index.php?rest_route=\/wp\/v2\/pages\/203","targetHints":{"allow":["GET"]}}],"collection":[{"href":"https:\/\/www.bergedorfer-kammerchor.de\/index.php?rest_route=\/wp\/v2\/pages"}],"about":[{"href":"https:\/\/www.bergedorfer-kammerchor.de\/index.php?rest_route=\/wp\/v2\/types\/page"}],"author":[{"embeddable":true,"href":"https:\/\/www.bergedorfer-kammerchor.de\/index.php?rest_route=\/wp\/v2\/users\/1"}],"replies":[{"embeddable":true,"href":"https:\/\/www.bergedorfer-kammerchor.de\/index.php?rest_route=%2Fwp%2Fv2%2Fcomments&post=203"}],"version-history":[{"count":0,"href":"https:\/\/www.bergedorfer-kammerchor.de\/index.php?rest_route=\/wp\/v2\/pages\/203\/revisions"}],"up":[{"embeddable":true,"href":"https:\/\/www.bergedorfer-kammerchor.de\/index.php?rest_route=\/wp\/v2\/pages\/173"}],"wp:attachment":[{"href":"https:\/\/www.bergedorfer-kammerchor.de\/index.php?rest_route=%2Fwp%2Fv2%2Fmedia&parent=203"}],"curies":[{"name":"wp","href":"https:\/\/api.w.org\/{rel}","templated":true}]}}