{"id":199,"date":"2013-05-16T09:42:11","date_gmt":"2013-05-16T07:42:11","guid":{"rendered":"http:\/\/www.bergedorfer-kammerchor.de\/test2\/?page_id=199"},"modified":"2014-02-18T17:02:28","modified_gmt":"2014-02-18T15:02:28","slug":"unter-der-leitung-von-tobias-brommann-2001-2003","status":"publish","type":"page","link":"https:\/\/www.bergedorfer-kammerchor.de\/?page_id=199","title":{"rendered":"unter der Leitung von Tobias Brommann (2001-2003)"},"content":{"rendered":"<table width=\"100%\" border=\"1\" cellspacing=\"1\" cellpadding=\"6\">\n<tbody>\n<tr>\n<td valign=\"top\">2001<\/td>\n<td><b>55 Jahre Bergedorfer Kammerchor &#8211; 55 Jahre Hellmut Wormsb\u00e4cher Chorleiter<br \/>\nKonzert<\/b> (24. Februar) in St. Nikolai, Hamburg<br \/>\nmit Mozarts &#8222;Laudate Dominum&#8220;, Schubert &#8222;Intende Voci&#8220; und &#8222;Stabat Mater&#8220;, Bruckners &#8222;Ecce sacerdos&#8220; und Kod\u00e1lys &#8222;Te Deum&#8220;<br \/>\nLeitung: <b>Hellmut Wormsb\u00e4cher<\/b><b>Jubil\u00e4umsfeier<\/b> im Luisengymnasium (25. Februar)<\/p>\n<p>Steffen Kammler \u00fcbernimmt den Chor, mu\u00df ihn aber im Sommer wieder verlassen, da er erster Chordirektor der Oper in Oslo wird.<\/p>\n<p>2. April: Ordentliche Mitgliederversammlung<\/p>\n<p>1. Juni: Au\u00dferordentliche Mitgliederversammlung zur Wahl eines neuen Dirigenten<\/p>\n<p>Im Juli leitet <b>Tobias Brommann<\/b> zum ersten mal eine Probe als k\u00fcnstlerischer Leiter.<\/p>\n<p>Mitwirken bei der Gedenkveranstaltung zum 100. Todestag von Friedrich Chrysander am 4. September 2001<br \/>\nLeitung: Prof. Hochstein<\/p>\n<p>27.\/28. Oktober: Probenwochenende in Eckernf\u00f6rde<\/p>\n<p>Das Weihnachtskonzert am 2. Dezember ist das erste gemeinsame Konzert mit Tobias Brommann<\/p>\n<p>22.\/23. Dezember: Aufzeichnung und Sendung des Hamburger Hafenkonzertes<\/p>\n<p>31. Dezember: Ein turbulentes Kammerchorjahr geht zu Ende.<\/p>\n<p><b>Mehr \u00fcber das Jahr 2001 in den Kammerchornachrichten 2001\/2002<\/b><\/p>\n<p>&nbsp;<\/td>\n<\/tr>\n<tr>\n<td valign=\"top\">2002<\/td>\n<td>8.-10. Februar Probenwochenende in Rendsburg11. Februar: Ordentliche Mitgliederversammlung<\/p>\n<p>9. Februar: traditionelles Himmelfahrsgrillen bei Thomas&#8230;<\/p>\n<p>11. Mai: <b>Konzert Oh sch\u00f6ne Nacht<\/b> in der Hasse-Aula. Bergedorf<\/p>\n<p>1. Juni 2002 <b>Chorkonzert<\/b> mit drei weiteren Ch\u00f6ren<br \/>\nChorkonzerttage des VDKC Landesverband Nordwest (31.5. bis 2.6.2002) in L\u00fcbeck<br \/>\n15.00h, Museumskirche St. Katharinen<\/p>\n<p>22. Juni 2002 Teilnahme an der <b>Nacht der Ch\u00f6re<\/b><br \/>\nSt.Petri<br \/>\nAuftritt ab ca. 22.45h<\/p>\n<p>21. September: kurzes <b>Singen<\/b> anl\u00e4sslich der Bergedorf-Messe &#8222;Contacta&#8220;<br \/>\n11.00h Auftritt in der Fachhochschule Bergedorf<\/p>\n<p><b>Weihnachtskonzerte 2002<\/b><br \/>\nSonnabend, <b>7. Dezember<\/b> 2002 um 17.00 Uhr in St. Pankratius Ochsenwerder <i>und<\/i><br \/>\nSonntag, <b>8. Dezember<\/b> 2002 (2. Advent) um 17.00 Uhr in der Vicelin-Kirche in Sasel<br \/>\nGesungen wurden Magnificat-Vertonungen von Heinrich Sch\u00fctz, Vic Nees und Arvo P\u00e4rt sowie weihnachtliche Lieder. Ausf\u00fchrliches <b>Programm<\/b><\/p>\n<p>22. Dezember 2002 (4. Advent) <b>Traditionelles Singen im Bethesda-Krankenhaus<\/b><\/td>\n<\/tr>\n<tr>\n<td valign=\"top\">2003<\/td>\n<td><b>J. S. Bach: Johannes-Passion<\/b><br \/>\nSamstag, <b>29. M\u00e4rz<\/b> 2003<br \/>\nSt. Marien, Hamburg-Bergedorf, Reinbeker Weg 8<br \/>\n<span style=\"font-size: xx-small;\">\u00a0<\/span><br \/>\nDorothee Fries &#8211; Sopran<br \/>\nMeindert Zwart &#8211; Altus<br \/>\nMichael Connaire &#8211; Tenor<br \/>\nMarkus Riedel &#8211; Ba\u00df<br \/>\nKlaus B\u00fclow &#8211; Jesus<br \/>\n<span style=\"font-size: xx-small;\">\u00a0<\/span><br \/>\nBergedorfer Kammerchor und Barock-Orchester, Schleswig-Holstein http:\/\/www.barock-orchester-schleswig-holstein.de<br \/>\n<span style=\"font-size: xx-small;\">\u00a0<\/span><br \/>\nLeitung: Tobias Brommann<br \/>\n<span style=\"font-size: xx-small;\">\u00a0<\/span>Samstag, <b>28. Juni<\/b> 2003, 20.<sup>00<\/sup> Uhr<br \/>\n<b>Liebesmelodien<br \/>\nMadrigale und Walzer \u00fcber die Liebe<\/b><br \/>\n&#8222;Haus im Park&#8220;, Gr\u00e4pelweg 8, Hamburg-Bergedorf<br \/>\n<span style=\"font-size: xx-small;\">\u00a0<\/span><br \/>\nProgramm (u.a.):<br \/>\n<img loading=\"lazy\" decoding=\"async\" alt=\"\" src=\"https:\/\/www.bergedorfer-kammerchor.de\/images\/gif\/button.gif\" width=\"8\" height=\"8\" border=\"0\" \/> Johannes Brahms: Liebeslieder-Walzer op.52<br \/>\n<img loading=\"lazy\" decoding=\"async\" alt=\"\" src=\"https:\/\/www.bergedorfer-kammerchor.de\/images\/gif\/button.gif\" width=\"8\" height=\"8\" border=\"0\" \/> John Rutter: Birthday Madrigals<br \/>\n<span style=\"font-size: xx-small;\">\u00a0<\/span><br \/>\nKlavier: Christoph G\u00f6llnitz und Martin Schumann<br \/>\nLeitung: Tobias Brommann<\/td>\n<\/tr>\n<\/tbody>\n<\/table>\n","protected":false},"excerpt":{"rendered":"<p>2001 55 Jahre Bergedorfer Kammerchor &#8211; 55 Jahre Hellmut Wormsb\u00e4cher Chorleiter Konzert (24. Februar) in St. Nikolai, Hamburg mit Mozarts &#8222;Laudate Dominum&#8220;, Schubert &#8222;Intende Voci&#8220; und &#8222;Stabat Mater&#8220;, Bruckners &#8222;Ecce sacerdos&#8220; und Kod\u00e1lys &#8222;Te Deum&#8220; Leitung: Hellmut Wormsb\u00e4cherJubil\u00e4umsfeier im Luisengymnasium (25. Februar) Steffen Kammler \u00fcbernimmt den Chor, mu\u00df ihn aber im Sommer wieder verlassen, da [&hellip;]<\/p>\n","protected":false},"author":1,"featured_media":0,"parent":173,"menu_order":5,"comment_status":"closed","ping_status":"closed","template":"","meta":{"ngg_post_thumbnail":0,"footnotes":""},"class_list":["post-199","page","type-page","status-publish","hentry"],"_links":{"self":[{"href":"https:\/\/www.bergedorfer-kammerchor.de\/index.php?rest_route=\/wp\/v2\/pages\/199","targetHints":{"allow":["GET"]}}],"collection":[{"href":"https:\/\/www.bergedorfer-kammerchor.de\/index.php?rest_route=\/wp\/v2\/pages"}],"about":[{"href":"https:\/\/www.bergedorfer-kammerchor.de\/index.php?rest_route=\/wp\/v2\/types\/page"}],"author":[{"embeddable":true,"href":"https:\/\/www.bergedorfer-kammerchor.de\/index.php?rest_route=\/wp\/v2\/users\/1"}],"replies":[{"embeddable":true,"href":"https:\/\/www.bergedorfer-kammerchor.de\/index.php?rest_route=%2Fwp%2Fv2%2Fcomments&post=199"}],"version-history":[{"count":0,"href":"https:\/\/www.bergedorfer-kammerchor.de\/index.php?rest_route=\/wp\/v2\/pages\/199\/revisions"}],"up":[{"embeddable":true,"href":"https:\/\/www.bergedorfer-kammerchor.de\/index.php?rest_route=\/wp\/v2\/pages\/173"}],"wp:attachment":[{"href":"https:\/\/www.bergedorfer-kammerchor.de\/index.php?rest_route=%2Fwp%2Fv2%2Fmedia&parent=199"}],"curies":[{"name":"wp","href":"https:\/\/api.w.org\/{rel}","templated":true}]}}