{"id":195,"date":"2013-05-16T09:40:35","date_gmt":"2013-05-16T07:40:35","guid":{"rendered":"http:\/\/www.bergedorfer-kammerchor.de\/test2\/?page_id=195"},"modified":"2014-02-18T17:02:11","modified_gmt":"2014-02-18T15:02:11","slug":"unter-der-leitung-von-hellmut-wormsbacher","status":"publish","type":"page","link":"https:\/\/www.bergedorfer-kammerchor.de\/?page_id=195","title":{"rendered":"unter der Leitung von Hellmut Wormsb\u00e4cher (1946-2001)"},"content":{"rendered":"<table width=\"100%\" border=\"1\" cellspacing=\"1\" cellpadding=\"6\">\n<tbody>\n<tr>\n<td valign=\"top\">1946<\/td>\n<td><b>Gr\u00fcndung des Bergedorfer Kammerchores<\/b><br \/>\nErstes Konzert in Bergedorf<\/td>\n<\/tr>\n<tr>\n<td valign=\"top\">1948<\/td>\n<td>Erste Rundfunkaufnahme<\/td>\n<\/tr>\n<tr>\n<td valign=\"top\">1950<\/td>\n<td>Singwoche unter Prof. Kurt Thomas<\/td>\n<\/tr>\n<tr>\n<td valign=\"top\">1952<\/td>\n<td>Schwedischer Studentenchor zu Gast<\/td>\n<\/tr>\n<tr>\n<td valign=\"top\">1955<\/td>\n<td>Erste Schallplattenaufnahme<\/td>\n<\/tr>\n<tr>\n<td valign=\"top\">1956<\/td>\n<td>Henry Purcell: C\u00e4cilienode (10j\u00e4hriges Bestehen)<\/td>\n<\/tr>\n<tr>\n<td valign=\"top\">1959<\/td>\n<td>Weihnachtsmusik des Fr\u00fchbarock mit Instrumentalkreis Helga Weber<\/td>\n<\/tr>\n<tr>\n<td valign=\"top\">1960<\/td>\n<td>Festliche Chormusiktage in L\u00fcbeck<\/td>\n<\/tr>\n<tr>\n<td valign=\"top\">1961<\/td>\n<td>Sommerliche Musiktage in Hitzacker: H. Purcell: C\u00e4cilienode, C.Ph.E. Bach: Magnificat<\/td>\n<\/tr>\n<tr>\n<td valign=\"top\">1963<\/td>\n<td>Festliche Chormusiktage in Neuss: Weihnachtsoratorium 2. Teil<\/td>\n<\/tr>\n<tr>\n<td valign=\"top\">1964<\/td>\n<td>Konzert in der Musikhalle Hamburg: B\u00e4nkellieder und Balladen<\/td>\n<\/tr>\n<tr>\n<td valign=\"top\">1965<\/td>\n<td>J.S. Bach: Johannispassion in St. Nikolai, Hamburg<br \/>\nSenatsfeier zur Einweihung des Mahnmals Neuengamme<\/td>\n<\/tr>\n<tr>\n<td valign=\"top\">1966<\/td>\n<td>A. Bruckner: Messe e-moll f\u00fcr achtstimmigen Chor (20j\u00e4hriges Bestehen)<\/td>\n<\/tr>\n<tr>\n<td valign=\"top\">1967<\/td>\n<td><b>Goldene Schallplatte<\/b> der Polydor f\u00fcr &#8222;Klingende Weihnacht&#8220;<br \/>\nKonzertreise nach Kopenhagen<\/td>\n<\/tr>\n<tr>\n<td valign=\"top\">1968<\/td>\n<td>J.S. Bach: Johannispassion<br \/>\nKopenhagener Bethesda-Musikchor zu Gast<\/td>\n<\/tr>\n<tr>\n<td valign=\"top\">1969<\/td>\n<td>G.F. H\u00e4ndel: Passion, Musikhalle Hamburg<br \/>\nMittern\u00e4chtliche Serenade im Wolfsburger Schlo\u00df beim Chortreffen der Landesgruppe Nord des VDOK<br \/>\nFrankreichreise mit Konzerten in Marseille, Aix en Provence, Lyon<br \/>\n<b>Schallplattenaufnahme &#8222;Chorlieder der Romantik&#8220;<\/b><\/td>\n<\/tr>\n<tr>\n<td valign=\"top\">1970<\/td>\n<td>Internationaler Chorwettbewerb in Spittal \/ Drau<br \/>\n<b>1. Preis Kunstlied und 3. Preis Volkslied<\/b><br \/>\n<b>Schallplattenaufnahme &#8222;Chorlieder der Klassik&#8220;<\/b><\/td>\n<\/tr>\n<tr>\n<td valign=\"top\">1971<\/td>\n<td>Festkonzert in St. Nikolai J.S. Bach: Messe h-moll (25j\u00e4hriges Bestehen)<br \/>\nBesuch des Monteverdi-Korus, Esztergom, Ungarn<br \/>\nSommerliche Musiktage in Hitzacker<\/td>\n<\/tr>\n<tr>\n<td valign=\"top\">1972<\/td>\n<td>Konzertreise nach Ungarn<br \/>\nSommerliche Musiktage in Hitzacker: Bach: Weltliche Kantaten<br \/>\nMusikhalle, Gro\u00dfer Saal: Konzert mit Viviane Gomori<\/td>\n<\/tr>\n<tr>\n<td valign=\"top\">1973<\/td>\n<td>Chormusikfest des VDOK in Osnabr\u00fcck: Bruckner: Messe e-moll<br \/>\n&#8222;Neue Chormusik Ludwigsburg&#8220; Werke von Zolt\u00e1n Kod\u00e1ly<br \/>\nMusikhalle, Kleiner Saal: Werke von Monteverdi, Haydn, Hindemith<\/td>\n<\/tr>\n<tr>\n<td valign=\"top\">1974<\/td>\n<td>Konzert in St. Nikolai, Hamburg: Werke von Hindemith, Bruckner<br \/>\nInternationaler Chorwettbewerb Spittal, 3. Preis im Kunstlied<br \/>\nBergedorfer Schlo\u00dfkonzerte: Bach, Kod\u00e1ly, Dvorak, Tschaikowsky<br \/>\nKonzert in Bergedorf mit Kurt Moll: Brahms, Mendelssohn<br \/>\nSt. Wilhadi, Stade: Advents- und Weihnachtsmusik<\/td>\n<\/tr>\n<tr>\n<td valign=\"top\">1975<\/td>\n<td>Chormusikfest des VDOK: Poser (Urauff\u00fchrung), Kod\u00e1ly, Strohbach<br \/>\nMusikhalle Hamburg, Gro\u00dfer Saal: Brahms, Ostendorf, Selle, Telemann<br \/>\nMarienkirche Bergedorf: Advents- und Weihnachtsmusik<\/td>\n<\/tr>\n<tr>\n<td valign=\"top\">1976<\/td>\n<td>Dom zu Schleswig: Kod\u00e1ly, Mendelssohn, Bruckner<br \/>\nBremen, Gro\u00dfer Saal der &#8222;Glocke&#8220;: Brahms, Kod\u00e1ly<br \/>\nInnenhof des Bergedorfer Schlosses: Mittern\u00e4chtliche Serenade<\/td>\n<\/tr>\n<tr>\n<td valign=\"top\">1977<\/td>\n<td>Internationales Choral und Folk Dance Festival in Cork, Irland<br \/>\n<b>1. Preis Frauenchor<\/b><br \/>\nMusikhalle Hamburg, Gro\u00dfer Saal: Berlioz: Te Deum f\u00fcr drei Ch\u00f6re, Tenor-Solo und gro\u00dfes Orchester<br \/>\nChormusikfest in L\u00fcbeck des VDOK: Hindemith: Apparebit repentina dies<\/td>\n<\/tr>\n<tr>\n<td valign=\"top\">1978<\/td>\n<td>&#8222;Haus im Park&#8220; in Bergedorf: Morley, Verdi, Gesualdo, Brahms, Schubert, Ravel<\/td>\n<\/tr>\n<tr>\n<td valign=\"top\">1979<\/td>\n<td>Konzert in L\u00fcbeck anl\u00e4\u00dflich der Verleihung der Zelter- und Pro-Musica-Plakette<br \/>\nKonzert in St. Nikolai, Hamburg: Bach, Srohbach, Kod\u00e1ly<br \/>\nKonzert in Flensburg: 70 Jahre Nordertor-Chor<br \/>\nKonzert in St. Nikolai, Westerland: Bach, Strohbach, Kod\u00e1ly<br \/>\nNDR-Aufnahme, Konzert in Gudow, Konzert in Hittfeld<br \/>\n<b>Chorwettbewerb Arezzo<\/b> (3. Preis im Frauenchor-Wettbewerb) mit Florenzaufenthalt<br \/>\nRathausfest in Hamburg<br \/>\nSt. Petri und Pauli, Bergedorf: Bach: Weihnachtsoratorium<\/td>\n<\/tr>\n<tr>\n<td valign=\"top\">1980<\/td>\n<td>Lichtwarkkonzert im &#8222;Haus im Park&#8220;<br \/>\nReise nach Loreto \/ Italien<br \/>\nKonzert im CCH anl\u00e4\u00dflich des \u00c4rztetages<br \/>\nBesuch des spanischen Chores, gemeinsame Konzerte in L\u00fcbeck und Bergedorf<br \/>\nKonzert Musikhalle, Hamburg<br \/>\nSt. Petri und Pauli: Bach: Weihnachtsoratorium<br \/>\nWeihnachtskonzert mit James Last im Michel<\/td>\n<\/tr>\n<tr>\n<td valign=\"top\">1981<\/td>\n<td>Singen im Michel (Karfreitag)<br \/>\nVDOK-Konzerte in Braunschweig (Catulli, Carmina und &#8222;Mittern\u00e4chtliche Serenade&#8220;)<br \/>\nBrahmskonzert im &#8222;Haus im Park&#8220; zusammen mit dem Brahmschor<br \/>\nReise nach Granada \/ Spanien, sechs Konzerte<\/td>\n<\/tr>\n<tr>\n<td valign=\"top\">1982<\/td>\n<td><b>Schallplattenaufnahme &#8222;Wi singt platt&#8220;<\/b><br \/>\n<b>Deutscher Chorwettbewerb, Hamburg, 1. Preis<\/b><br \/>\nDeutscher Chorwettbewerb, K\u00f6ln<br \/>\nSchlo\u00dfkonzert<br \/>\nKonzert in der Erl\u00f6serkirche, Lohbr\u00fcgge<br \/>\nFernsehaufnahmen mit James Last in Hannover-Herrenhausen<br \/>\nFernsehaufnahmen in Saarbr\u00fccken f\u00fcr die Sendung &#8222;Im Krug zum gr\u00fcnen Kranze&#8220;<br \/>\nMitwirkung beim Requiem von Berlioz, Gro\u00dfe Musikhalle, Hamburg<br \/>\nWeihnachtskonzert im &#8222;Haus im Park&#8220;<\/td>\n<\/tr>\n<tr>\n<td valign=\"top\">1983<\/td>\n<td><b>Heinrich-Paulsen-Medaille f\u00fcr Hellmut Wormsb\u00e4cher<\/b><br \/>\nBrahmsnacht im Michel<br \/>\nKleine Musihalle, Hamburg: Brahmskonzert<br \/>\nBesuch vom Coro &#8222;Manuel de Falla&#8220;: Alsterwanderwegkonzert, Konzert in Husumer Kirche, Konzert im Luisengymnasium, Bergedorf<br \/>\nRequiem in C von Johann Adolf Hasse in der Erl\u00f6serkirche<\/td>\n<\/tr>\n<tr>\n<td valign=\"top\">1984<\/td>\n<td>Sachsenwald-Forum: weltliches Konzert<br \/>\nSommerliche Musiktage in Hitzacker mit Werken von Zelenka, Mozart und Schubert<br \/>\nKonzert in Husum<br \/>\nKonzert in Flensburg beim 75j\u00e4hrigen Jubil\u00e4um des Nordertor-Chores<br \/>\nBerlinreise mit Konzert und Aufzeichnung des SFB mit plattdeutschen Liedern &#8222;Fr\u00f6hliche Musikanten&#8220;<br \/>\na-capella-Konzert im Theater Bad Bramstedt<br \/>\nWeihnachtskonzerte in Bleckede und im &#8222;Haus im Park&#8220;<\/td>\n<\/tr>\n<tr>\n<td valign=\"top\">1985<\/td>\n<td>St. Nikolai, Hamburg: Messe Es-Dur von Schubert<br \/>\nVDOK-Konzert in Oldenburg: zeitgen\u00f6ssische Volkslieder aus neun L\u00e4ndern<br \/>\nKonzert &#8222;Europa in Liedern&#8220;, Hamburg<br \/>\nFernsehaufzeichnung in Kiel f\u00fcr ARD-Wuschkonzert<br \/>\nRatzeburger Dom: Es-Dur-Messe von Schubert unter Neithard Bethge<br \/>\nBenefizveranstaltung f\u00fcr Amnesty International im Sachsenwald-Forum<br \/>\n60. Geburtstag von Hellmut Wormsb\u00e4cher mit \u00dcberraschungsparty im Lichtwarkhaus<\/td>\n<\/tr>\n<tr>\n<td valign=\"top\">1986<\/td>\n<td><b>40j\u00e4hriges Chorjubil\u00e4um<\/b>: As-Dur-Messe von Schubert in St. Nikolai, Hamburg<br \/>\nJubil\u00e4umsfest im Alt-Lohbr\u00fcgger Hof<br \/>\nReise nach Esztergom \/ Ungarn mit vielen Konzerten, u.a. Kod\u00e1ly-Messe, Rundfunkaufnahmen in Budapest<br \/>\nGeistliche Abendmusik in St. Marien, Bergedorf<br \/>\nWeihnachtskonzert in Stade<\/td>\n<\/tr>\n<tr>\n<td valign=\"top\">1987<\/td>\n<td>Forum der Musikhochschule: Mitwirken im Konzert zur Verleihung der Zelter-Plakette (Killmeyer und Hessenberg)<br \/>\nBesuch des Monteverdi-Korus aus Esztergom \/ Ungarn:<br \/>\nKonzert in St. Nikolai (Te Deum von Mendelssohn, Kod\u00e1ly-Messe u.a.)<br \/>\nKonzert im Wentorfer Gymnasium (weltliches Programm) und in Achim bei Bremen<br \/>\nGed\u00e4chtniskonzert in der Musikhochschule anl\u00e4\u00dflich des 70. Geburtstages von Hans Poser<br \/>\nMitwirken bei Mahlers &#8222;Das klagende Lied&#8220; in der Musikhalle Hamburg, Gro\u00dfer Saal<br \/>\nWeihnachtliches Singen in der Loge<\/td>\n<\/tr>\n<tr>\n<td valign=\"top\">1988<\/td>\n<td>Konzert in Achim<br \/>\nKonzert in St. Nikolai, Hamburg<br \/>\nPh.E. Bach im Michel<br \/>\nBach: Weihnachtsoratorium in St. Petri und Pauli<br \/>\nAdventsmusik in St. Michael, Bergedorf<\/td>\n<\/tr>\n<tr>\n<td valign=\"top\">1989<\/td>\n<td>Lichtwarkkonzert im &#8222;Haus im Park&#8220;<br \/>\nVDKC-Konzerttage in Wolfsburg: Konzert und Mittern\u00e4chtliche Serenade<br \/>\nHasse-Konzert in St. Petri und Pauli anl\u00e4\u00dflich der Ausstellungser\u00f6ffnung &#8222;Hasse in Bergedorf&#8220;:<br \/>\nTe Deum, Venite pastores, Laudate Pueri, Magnificat von Bach<br \/>\nWeihnachtskonzert<\/td>\n<\/tr>\n<tr>\n<td valign=\"top\">1990<\/td>\n<td>Reise nach London \/ England mit Lames Last, Auftritt in der Royal Albert Hall<br \/>\nSommerserenade im Bergedorfer Schlo\u00df<br \/>\n<b>65. Geburtstag von Hellmut Wormsb\u00e4cher:<br \/>\nVerleihung der Johannes-Brahms-Medaille durch den Hamburger Senat<\/b><br \/>\nKonzert in Mecklenburg zum Tag der Deutschen Einheit<br \/>\n<b>Internationales Chorfestival auf Malta: 1. Preis<\/b><br \/>\nWeihnachtskonzert<\/td>\n<\/tr>\n<tr>\n<td valign=\"top\">1991<\/td>\n<td>VDKC-Konzerttage in Neuss: Werke von Mozart<br \/>\n<b>Verleihung des H\u00e4ndel-Ringes an Hellmut Wormsb\u00e4cher<\/b><br \/>\n45j\u00e4hriges Jubil\u00e4um mit Bachs h-moll-Messe in St. Nikolai, Hamburg<br \/>\nKonzert in Eupen bei Achim<br \/>\nKonzert in Stade<br \/>\nWeihnachtliches Konzert in St. Severini, Kirchwerder<\/td>\n<\/tr>\n<tr>\n<td valign=\"top\">1992<\/td>\n<td>Hamburger Musikfestival: Konzert in der B\u00f6rse, u.a. mit Mendelssohns Te Deum<br \/>\nOsterkirche Bramfeld: Sch\u00fctz, Dematius, Kod\u00e1ly<br \/>\nWeihnachtskonzert in der Dreieinigkeitskirche Allerm\u00f6he<br \/>\nFernsehaufnahmen mit Justus Frantz f\u00fcr &#8222;Achtung! Klassik!&#8220; in Stade<\/td>\n<\/tr>\n<tr>\n<td valign=\"top\">1993<\/td>\n<td>Besuch der Tokyo Oratorio Society:<br \/>\nKonzert in der Gro\u00dfen Musikhalle: &#8222;Elias&#8220; von Mendelssohn<br \/>\nVDKC: Mittern\u00e4chtliche Serenade im Schlo\u00df in Oldenburg<br \/>\nMozarts c-moll-Messe in St. Nikolai, Hamburg<br \/>\nSt. Nikolai in Elmshorn: &#8222;Nun singet und seid froh&#8220;<br \/>\nWeihnachtskonzert zum Mitsingen in St. Petri und Pauli<\/td>\n<\/tr>\n<tr>\n<td valign=\"top\">1994<\/td>\n<td>Konzert in der Hasse-Aula mit dem Bergedorfer Jugendchor<br \/>\nSchlo\u00dfkonzert mit Boy Lornsen und &#8222;Sien Sch\u00f6pfung&#8220;<br \/>\nKonzert in Flensburg<br \/>\nReise nach Dresden: Benefizkonzert zum Wiederaufbau der Frauenkirche<\/td>\n<\/tr>\n<tr>\n<td valign=\"top\">1995<\/td>\n<td>Mitwirken bei der Messe Solenelle von Berlioz in der Musikhalle (Erstauff\u00fchrung)<br \/>\nGeistliche Abendmusik in St. Nikolai<br \/>\nOpen Air: Carmina Burana in Klein Flottbek<br \/>\nSSH-Konzert im Kieler Schlo\u00df anl\u00e4\u00dflich des 70. Geburtstages von Hellmut Wormsb\u00e4cher<br \/>\nGeburtstagsfeier<br \/>\nKonzert aller Wormsb\u00e4cherch\u00f6re in der Gro\u00dfen Musikhalle<br \/>\nBesuch des Chores &#8222;Tadaeusz Tylewski&#8220; der medizinischen Akademie Danzig<br \/>\nAdventskonzert im &#8222;Haus im Park&#8220;<\/td>\n<\/tr>\n<tr>\n<td valign=\"top\">1996<\/td>\n<td><b>Verleihung des Bundesverdienstkreuzes am Bande an Hellmut Wormsb\u00e4cher<\/b> in Kiel<br \/>\n<b>50j\u00e4hriges Jubil\u00e4um<\/b>: Brahms-Requiem in St. Nikolai, Hamburg<br \/>\nJubil\u00e4umsfest am Mittleren Landweg<br \/>\nVDKC-Konzert in Schwerin, Weitergabe des H\u00e4ndel-Ringes, Dixit Dominus von H\u00e4ndel<br \/>\nSchlo\u00dfkonzert &#8222;Singin&#8216; in the rain&#8220;<br \/>\nAcis und Galathea in der Musikhalle<br \/>\nMitwirken beim Hauni-Jubil\u00e4um mit Hasse im Michel<br \/>\nWeihnachtskonzert mit Wilhelm Wieben im &#8222;Haus im Park&#8220;<br \/>\nWeihnachtskonzert in St. Severini, Kirchwerder<br \/>\nSingen bei Kerzenschein im Lichtwarkhaus<\/td>\n<\/tr>\n<tr>\n<td valign=\"top\">1997<\/td>\n<td>Konzert anl\u00e4\u00dflich des 200. Geburtstages von Franz Schubert in St. Nikolai<br \/>\nReise nach Wien zur Schubertiade: Rundfunkaufnahme im ORF-Sendesaal und Singen im Hof von Schuberts Geburtshaus<br \/>\nBrahms: Volkslieder und Volkspoesie mit Gabriele Rossmanith in der Kleinen Musikhalle<br \/>\nBrahmskonzert in Marne<br \/>\nAdventssingen in der Loge<br \/>\nWeihnachtskonzert in St. Pankratius, Ochsenwerder<\/td>\n<\/tr>\n<tr>\n<td valign=\"top\">1998<\/td>\n<td>VDKC-Konzerttage in Hamburg: &#8222;Jauchzet dem Herrn&#8220; von Bach \/ Telemann im NDR-Studio und &#8222;Mittern\u00e4chtlivche Serenade&#8220; im Altonaer Museum mit dem Kammerchor Belcanto aus Kiel<br \/>\nFrieslandreise nach Westerland und Husum: Dvorak-Messe D-Dur und &#8222;Sien Sch\u00f6pfung&#8220;<br \/>\nKonzert in St. Marien Bergedorf<br \/>\nWeihnachtskonzert<\/td>\n<\/tr>\n<tr>\n<td valign=\"top\">1999<\/td>\n<td>Hasse-Konzert in St. Jacobi<br \/>\nHasse-Konzert in Bergedorf anl\u00e4\u00dflich Hasses 300. Geburtstages<br \/>\nBenefizkonzert f\u00fcr die Bergedorfer Tafel im &#8222;Haus im Park&#8220;<br \/>\nAdventssingen in der Loge<br \/>\n&#8222;Die Geburt Christi&#8220; von Heinrich von Herzogenberg in St. Nikolai, Billwerder<\/td>\n<\/tr>\n<tr>\n<td valign=\"top\">2000<\/td>\n<td>Fr\u00fchlingskonzert im &#8222;Haus im Park&#8220;<br \/>\nVDKC-Konzerttage in Schwerin: Hasse Te Deum<br \/>\nReise nach Kopenhagen, zwei Konzerte<br \/>\n75. Geburtstag von Hellmut Wormsb\u00e4cher<br \/>\nSingen in der Loge<br \/>\nWeihnachtsgottesdienst in St. Nikolai (1. Weihnachtstag)<\/td>\n<\/tr>\n<tr>\n<td valign=\"top\">2001<\/td>\n<td><b>55j\u00e4hriges Jubil\u00e4um: Konzert in St. Nikolai, Hamburg mit Mozarts &#8222;Laudate Dominum&#8220;, Schubert &#8222;Intende Voci&#8220; und &#8222;Stabat Mater&#8220;, Bruckners &#8222;Ecce sacerdos&#8220; und Kod\u00e1lys &#8222;Te Deum&#8220;<br \/>\nJubil\u00e4umsfeier im Luisengymnasium<\/b><\/td>\n<\/tr>\n<\/tbody>\n<\/table>\n","protected":false},"excerpt":{"rendered":"<p>1946 Gr\u00fcndung des Bergedorfer Kammerchores Erstes Konzert in Bergedorf 1948 Erste Rundfunkaufnahme 1950 Singwoche unter Prof. Kurt Thomas 1952 Schwedischer Studentenchor zu Gast 1955 Erste Schallplattenaufnahme 1956 Henry Purcell: C\u00e4cilienode (10j\u00e4hriges Bestehen) 1959 Weihnachtsmusik des Fr\u00fchbarock mit Instrumentalkreis Helga Weber 1960 Festliche Chormusiktage in L\u00fcbeck 1961 Sommerliche Musiktage in Hitzacker: H. Purcell: C\u00e4cilienode, C.Ph.E. Bach: [&hellip;]<\/p>\n","protected":false},"author":1,"featured_media":0,"parent":173,"menu_order":6,"comment_status":"closed","ping_status":"closed","template":"","meta":{"ngg_post_thumbnail":0,"footnotes":""},"class_list":["post-195","page","type-page","status-publish","hentry"],"_links":{"self":[{"href":"https:\/\/www.bergedorfer-kammerchor.de\/index.php?rest_route=\/wp\/v2\/pages\/195","targetHints":{"allow":["GET"]}}],"collection":[{"href":"https:\/\/www.bergedorfer-kammerchor.de\/index.php?rest_route=\/wp\/v2\/pages"}],"about":[{"href":"https:\/\/www.bergedorfer-kammerchor.de\/index.php?rest_route=\/wp\/v2\/types\/page"}],"author":[{"embeddable":true,"href":"https:\/\/www.bergedorfer-kammerchor.de\/index.php?rest_route=\/wp\/v2\/users\/1"}],"replies":[{"embeddable":true,"href":"https:\/\/www.bergedorfer-kammerchor.de\/index.php?rest_route=%2Fwp%2Fv2%2Fcomments&post=195"}],"version-history":[{"count":0,"href":"https:\/\/www.bergedorfer-kammerchor.de\/index.php?rest_route=\/wp\/v2\/pages\/195\/revisions"}],"up":[{"embeddable":true,"href":"https:\/\/www.bergedorfer-kammerchor.de\/index.php?rest_route=\/wp\/v2\/pages\/173"}],"wp:attachment":[{"href":"https:\/\/www.bergedorfer-kammerchor.de\/index.php?rest_route=%2Fwp%2Fv2%2Fmedia&parent=195"}],"curies":[{"name":"wp","href":"https:\/\/api.w.org\/{rel}","templated":true}]}}