{"id":187,"date":"2013-05-16T09:31:50","date_gmt":"2013-05-16T07:31:50","guid":{"rendered":"http:\/\/www.bergedorfer-kammerchor.de\/test2\/?page_id=187"},"modified":"2014-02-18T17:02:14","modified_gmt":"2014-02-18T15:02:14","slug":"kleine-chorgeschichte-1946-2001","status":"publish","type":"page","link":"https:\/\/www.bergedorfer-kammerchor.de\/?page_id=187","title":{"rendered":"kleine Chorgeschichte &#8211; 1946 bis 2001"},"content":{"rendered":"<p>Der Bergedorfer Kammerchor wurde, gleich nach dem Zweiten Weltkrieg, im Jahre 1946 von Hellmut Wormsb\u00e4cher gegr\u00fcndet und bestand zun\u00e4chst aus 12 jungen, gerade erst 20 Jahre alten S\u00e4ngerinnen und S\u00e4ngern. Doch schon im ersten Jahr seines Bestehens wuchs der Chor auf 32 Mitglieder an und die urspr\u00fcngliche Idee, sich auf weltliche Chormusik des 15. und 16. Jahrhunderts zu konzentrieren, wurde bald fallengelassen zugunsten eines vielseitigeren Repertoires, das auch Musik der Klassik, Romantik und der Moderne beinhaltet. Inzwischen hat der Bergedorfer Kammerchor 55 Mitglieder und z\u00e4hlt trotz seines Status\u00b4 als Laienchor zu den bekanntesten Chorvereinigungen des norddeutschen Raumes.<\/p>\n<p>Das Repertoire des Chores umfa\u00dft weltliche Madrigale, Chorlieder und Chansons des 16. und 17. Jahrhunderts, Chorwerke der Klassik und Romantik bis zur Gegenwart. In geistlichen Konzerten reicht die Spanne vom Gregorianischen Choral bis zur Chorliteratur unseres Jahrhunderts. Der Chor f\u00fchrte u. a. Purcells &#8222;C\u00e4cilien-Ode&#8220;, Bachs &#8222;Johannes-Passion&#8220;, &#8222;h-moll-Messe&#8220;, &#8222;Weihnachtsoratorium&#8220; und &#8222;Magnificat&#8220; sowie Mozarts &#8222;c-moll-Messe&#8220; auf, au\u00dferdem Messen von Schubert, Bruckner und Kod\u00e1ly sowie H\u00e4ndels &#8222;Dixit Dominus&#8220; und Mendelssohn Bartholdys &#8222;Te Deum&#8220;. Unz\u00e4hlige Rundfunkproduktionen mit Bach-Kantaten, Fernsehauftritte und Schallplattenaufnahmen haben den Klang und Namen des Bergedorfer Kammerchores l\u00e4ngst in andere L\u00e4nder und Kontinente getragen.<\/p>\n<p>Der Schwerpunkt seines musikalischen Wirkens ist Hamburg, doch ist der Bergedorfer Kammerchor auch h\u00e4ufig auf Reisen, um Konzerttermine wahrzunehmen. Die gr\u00f6\u00dferen Chorreisen f\u00fchrten das Ensemble zu Auftritten nach Italien, D\u00e4nemark, Ungarn, Malta, \u00d6sterreich, Spanien, Frankreich, England und Irland. Der Chor beteiligt sich auch an internationalen Chorwettbewerben und ersang sich schon viele Preise und Auszeichnungen unter seinem Dirigenten Hellmut Wormsb\u00e4cher.<br \/>\nNach dem 55-j\u00e4hrigen Bestehen des Chores gibt Hellmut Wormsb\u00e4cher den Dirigentenstab ab.<\/p>\n","protected":false},"excerpt":{"rendered":"<p>Der Bergedorfer Kammerchor wurde, gleich nach dem Zweiten Weltkrieg, im Jahre 1946 von Hellmut Wormsb\u00e4cher gegr\u00fcndet und bestand zun\u00e4chst aus 12 jungen, gerade erst 20 Jahre alten S\u00e4ngerinnen und S\u00e4ngern. Doch schon im ersten Jahr seines Bestehens wuchs der Chor auf 32 Mitglieder an und die urspr\u00fcngliche Idee, sich auf weltliche Chormusik des 15. und [&hellip;]<\/p>\n","protected":false},"author":1,"featured_media":0,"parent":173,"menu_order":7,"comment_status":"closed","ping_status":"closed","template":"","meta":{"ngg_post_thumbnail":0,"footnotes":""},"class_list":["post-187","page","type-page","status-publish","hentry"],"_links":{"self":[{"href":"https:\/\/www.bergedorfer-kammerchor.de\/index.php?rest_route=\/wp\/v2\/pages\/187","targetHints":{"allow":["GET"]}}],"collection":[{"href":"https:\/\/www.bergedorfer-kammerchor.de\/index.php?rest_route=\/wp\/v2\/pages"}],"about":[{"href":"https:\/\/www.bergedorfer-kammerchor.de\/index.php?rest_route=\/wp\/v2\/types\/page"}],"author":[{"embeddable":true,"href":"https:\/\/www.bergedorfer-kammerchor.de\/index.php?rest_route=\/wp\/v2\/users\/1"}],"replies":[{"embeddable":true,"href":"https:\/\/www.bergedorfer-kammerchor.de\/index.php?rest_route=%2Fwp%2Fv2%2Fcomments&post=187"}],"version-history":[{"count":0,"href":"https:\/\/www.bergedorfer-kammerchor.de\/index.php?rest_route=\/wp\/v2\/pages\/187\/revisions"}],"up":[{"embeddable":true,"href":"https:\/\/www.bergedorfer-kammerchor.de\/index.php?rest_route=\/wp\/v2\/pages\/173"}],"wp:attachment":[{"href":"https:\/\/www.bergedorfer-kammerchor.de\/index.php?rest_route=%2Fwp%2Fv2%2Fmedia&parent=187"}],"curies":[{"name":"wp","href":"https:\/\/api.w.org\/{rel}","templated":true}]}}