{"id":1402,"date":"2014-04-06T13:56:55","date_gmt":"2014-04-06T11:56:55","guid":{"rendered":"http:\/\/www.bergedorfer-kammerchor.de\/?page_id=1402"},"modified":"2014-04-07T13:33:45","modified_gmt":"2014-04-07T11:33:45","slug":"2010-konzertreise-marienmuenster-2","status":"publish","type":"page","link":"https:\/\/www.bergedorfer-kammerchor.de\/?page_id=1402","title":{"rendered":"2010 Konzertreise Marienm\u00fcnster"},"content":{"rendered":"<p><span style=\"font-size: xx-small;\"><a href=\"https:\/\/www.bergedorfer-kammerchor.de\/?page_id=870\">zur\u00fcck zur \u00dcbersicht<\/a><\/span><br \/>\n<strong>2010 Konzertreise Marienm\u00fcnster<\/strong><br \/>\nngg_shortcode_0_placeholder<br \/>\n<span style=\"font-size: xx-small;\"><a href=\"https:\/\/www.bergedorfer-kammerchor.de\/?page_id=870\">zur\u00fcck zur \u00dcbersicht<\/a><\/span><\/p>\n","protected":false},"excerpt":{"rendered":"<p>zur\u00fcck zur \u00dcbersicht 2010 Konzertreise Marienm\u00fcnster zur\u00fcck zur \u00dcbersicht<\/p>\n","protected":false},"author":1,"featured_media":0,"parent":870,"menu_order":0,"comment_status":"closed","ping_status":"closed","template":"","meta":{"ngg_post_thumbnail":0,"footnotes":""},"class_list":["post-1402","page","type-page","status-publish","hentry"],"_links":{"self":[{"href":"https:\/\/www.bergedorfer-kammerchor.de\/index.php?rest_route=\/wp\/v2\/pages\/1402","targetHints":{"allow":["GET"]}}],"collection":[{"href":"https:\/\/www.bergedorfer-kammerchor.de\/index.php?rest_route=\/wp\/v2\/pages"}],"about":[{"href":"https:\/\/www.bergedorfer-kammerchor.de\/index.php?rest_route=\/wp\/v2\/types\/page"}],"author":[{"embeddable":true,"href":"https:\/\/www.bergedorfer-kammerchor.de\/index.php?rest_route=\/wp\/v2\/users\/1"}],"replies":[{"embeddable":true,"href":"https:\/\/www.bergedorfer-kammerchor.de\/index.php?rest_route=%2Fwp%2Fv2%2Fcomments&post=1402"}],"version-history":[{"count":0,"href":"https:\/\/www.bergedorfer-kammerchor.de\/index.php?rest_route=\/wp\/v2\/pages\/1402\/revisions"}],"up":[{"embeddable":true,"href":"https:\/\/www.bergedorfer-kammerchor.de\/index.php?rest_route=\/wp\/v2\/pages\/870"}],"wp:attachment":[{"href":"https:\/\/www.bergedorfer-kammerchor.de\/index.php?rest_route=%2Fwp%2Fv2%2Fmedia&parent=1402"}],"curies":[{"name":"wp","href":"https:\/\/api.w.org\/{rel}","templated":true}]}}