{"id":1401,"date":"2014-04-06T13:56:48","date_gmt":"2014-04-06T11:56:48","guid":{"rendered":"http:\/\/www.bergedorfer-kammerchor.de\/?page_id=1401"},"modified":"2014-04-07T13:33:50","modified_gmt":"2014-04-07T11:33:50","slug":"2009-chorfotos-2","status":"publish","type":"page","link":"https:\/\/www.bergedorfer-kammerchor.de\/?page_id=1401","title":{"rendered":"2009 Chorfotos"},"content":{"rendered":"<p><span style=\"font-size: xx-small;\"><a href=\"https:\/\/www.bergedorfer-kammerchor.de\/?page_id=870\">zur\u00fcck zur \u00dcbersicht<\/a><\/span><br \/>\n<strong>2009 Chorfotos<\/strong><br \/>\nngg_shortcode_0_placeholder<br \/>\n<span style=\"font-size: xx-small;\"><a href=\"https:\/\/www.bergedorfer-kammerchor.de\/?page_id=870\">zur\u00fcck zur \u00dcbersicht<\/a><\/span><\/p>\n","protected":false},"excerpt":{"rendered":"<p>zur\u00fcck zur \u00dcbersicht 2009 Chorfotos zur\u00fcck zur \u00dcbersicht<\/p>\n","protected":false},"author":1,"featured_media":0,"parent":870,"menu_order":0,"comment_status":"closed","ping_status":"closed","template":"","meta":{"ngg_post_thumbnail":0,"footnotes":""},"class_list":["post-1401","page","type-page","status-publish","hentry"],"_links":{"self":[{"href":"https:\/\/www.bergedorfer-kammerchor.de\/index.php?rest_route=\/wp\/v2\/pages\/1401","targetHints":{"allow":["GET"]}}],"collection":[{"href":"https:\/\/www.bergedorfer-kammerchor.de\/index.php?rest_route=\/wp\/v2\/pages"}],"about":[{"href":"https:\/\/www.bergedorfer-kammerchor.de\/index.php?rest_route=\/wp\/v2\/types\/page"}],"author":[{"embeddable":true,"href":"https:\/\/www.bergedorfer-kammerchor.de\/index.php?rest_route=\/wp\/v2\/users\/1"}],"replies":[{"embeddable":true,"href":"https:\/\/www.bergedorfer-kammerchor.de\/index.php?rest_route=%2Fwp%2Fv2%2Fcomments&post=1401"}],"version-history":[{"count":0,"href":"https:\/\/www.bergedorfer-kammerchor.de\/index.php?rest_route=\/wp\/v2\/pages\/1401\/revisions"}],"up":[{"embeddable":true,"href":"https:\/\/www.bergedorfer-kammerchor.de\/index.php?rest_route=\/wp\/v2\/pages\/870"}],"wp:attachment":[{"href":"https:\/\/www.bergedorfer-kammerchor.de\/index.php?rest_route=%2Fwp%2Fv2%2Fmedia&parent=1401"}],"curies":[{"name":"wp","href":"https:\/\/api.w.org\/{rel}","templated":true}]}}