{"id":1400,"date":"2014-04-06T13:56:43","date_gmt":"2014-04-06T11:56:43","guid":{"rendered":"http:\/\/www.bergedorfer-kammerchor.de\/?page_id=1400"},"modified":"2025-05-07T15:24:34","modified_gmt":"2025-05-07T13:24:34","slug":"2008-chorfestival-in-kassel-2","status":"publish","type":"page","link":"https:\/\/www.bergedorfer-kammerchor.de\/?page_id=1400","title":{"rendered":"2021 &#8211; Auftritt am Aktionstag &#8222;aufatmen &#8211; Hamburg singt und spielt&#8220; in Bergedorf"},"content":{"rendered":"<p><span style=\"font-size: xx-small;\"><a href=\"https:\/\/www.bergedorfer-kammerchor.de\/?page_id=870\">zur\u00fcck zur \u00dcbersicht<\/a><\/span><br \/>\n<strong>2021 &#8211; Auftritt am Aktionstag &#8222;aufatmen &#8211; Hamburg singt und spielt&#8220; in Bergedorf<\/strong><br \/>\nngg_shortcode_0_placeholder<br \/>\n<span style=\"font-size: xx-small;\"><a href=\"https:\/\/www.bergedorfer-kammerchor.de\/?page_id=870\">zur\u00fcck zur \u00dcbersicht<\/a><\/span><\/p>\n","protected":false},"excerpt":{"rendered":"<p>zur\u00fcck zur \u00dcbersicht 2021 &#8211; Auftritt am Aktionstag &#8222;aufatmen &#8211; Hamburg singt und spielt&#8220; in Bergedorf zur\u00fcck zur \u00dcbersicht<\/p>\n","protected":false},"author":1,"featured_media":0,"parent":870,"menu_order":0,"comment_status":"closed","ping_status":"closed","template":"","meta":{"ngg_post_thumbnail":0,"footnotes":""},"class_list":["post-1400","page","type-page","status-publish","hentry"],"_links":{"self":[{"href":"https:\/\/www.bergedorfer-kammerchor.de\/index.php?rest_route=\/wp\/v2\/pages\/1400","targetHints":{"allow":["GET"]}}],"collection":[{"href":"https:\/\/www.bergedorfer-kammerchor.de\/index.php?rest_route=\/wp\/v2\/pages"}],"about":[{"href":"https:\/\/www.bergedorfer-kammerchor.de\/index.php?rest_route=\/wp\/v2\/types\/page"}],"author":[{"embeddable":true,"href":"https:\/\/www.bergedorfer-kammerchor.de\/index.php?rest_route=\/wp\/v2\/users\/1"}],"replies":[{"embeddable":true,"href":"https:\/\/www.bergedorfer-kammerchor.de\/index.php?rest_route=%2Fwp%2Fv2%2Fcomments&post=1400"}],"version-history":[{"count":0,"href":"https:\/\/www.bergedorfer-kammerchor.de\/index.php?rest_route=\/wp\/v2\/pages\/1400\/revisions"}],"up":[{"embeddable":true,"href":"https:\/\/www.bergedorfer-kammerchor.de\/index.php?rest_route=\/wp\/v2\/pages\/870"}],"wp:attachment":[{"href":"https:\/\/www.bergedorfer-kammerchor.de\/index.php?rest_route=%2Fwp%2Fv2%2Fmedia&parent=1400"}],"curies":[{"name":"wp","href":"https:\/\/api.w.org\/{rel}","templated":true}]}}