{"id":1396,"date":"2014-04-06T13:56:19","date_gmt":"2014-04-06T11:56:19","guid":{"rendered":"http:\/\/www.bergedorfer-kammerchor.de\/?page_id=1396"},"modified":"2014-04-07T13:34:30","modified_gmt":"2014-04-07T11:34:30","slug":"2005-chorfotos-konzert-2","status":"publish","type":"page","link":"https:\/\/www.bergedorfer-kammerchor.de\/?page_id=1396","title":{"rendered":"2005 Chorfotos Konzert"},"content":{"rendered":"<p><font size=1.5><a href=\"https:\/\/www.bergedorfer-kammerchor.de\/?page_id=870\">zur\u00fcck zur \u00dcbersicht<\/a><\/font><br \/>\n<strong>2005 Chorfotos Konzert<\/strong><br \/>\nngg_shortcode_0_placeholder<br \/>\n<font size=1.5><a href=\"https:\/\/www.bergedorfer-kammerchor.de\/?page_id=870\">zur\u00fcck zur \u00dcbersicht<\/a><\/font><\/p>\n","protected":false},"excerpt":{"rendered":"<p>zur\u00fcck zur \u00dcbersicht 2005 Chorfotos Konzert zur\u00fcck zur \u00dcbersicht<\/p>\n","protected":false},"author":1,"featured_media":0,"parent":870,"menu_order":0,"comment_status":"closed","ping_status":"closed","template":"","meta":{"ngg_post_thumbnail":0,"footnotes":""},"class_list":["post-1396","page","type-page","status-publish","hentry"],"_links":{"self":[{"href":"https:\/\/www.bergedorfer-kammerchor.de\/index.php?rest_route=\/wp\/v2\/pages\/1396","targetHints":{"allow":["GET"]}}],"collection":[{"href":"https:\/\/www.bergedorfer-kammerchor.de\/index.php?rest_route=\/wp\/v2\/pages"}],"about":[{"href":"https:\/\/www.bergedorfer-kammerchor.de\/index.php?rest_route=\/wp\/v2\/types\/page"}],"author":[{"embeddable":true,"href":"https:\/\/www.bergedorfer-kammerchor.de\/index.php?rest_route=\/wp\/v2\/users\/1"}],"replies":[{"embeddable":true,"href":"https:\/\/www.bergedorfer-kammerchor.de\/index.php?rest_route=%2Fwp%2Fv2%2Fcomments&post=1396"}],"version-history":[{"count":0,"href":"https:\/\/www.bergedorfer-kammerchor.de\/index.php?rest_route=\/wp\/v2\/pages\/1396\/revisions"}],"up":[{"embeddable":true,"href":"https:\/\/www.bergedorfer-kammerchor.de\/index.php?rest_route=\/wp\/v2\/pages\/870"}],"wp:attachment":[{"href":"https:\/\/www.bergedorfer-kammerchor.de\/index.php?rest_route=%2Fwp%2Fv2%2Fmedia&parent=1396"}],"curies":[{"name":"wp","href":"https:\/\/api.w.org\/{rel}","templated":true}]}}